{"id":27601,"date":"2024-05-07T16:37:46","date_gmt":"2024-05-07T14:37:46","guid":{"rendered":"https:\/\/cardio60.com\/?page_id=27601"},"modified":"2024-10-05T07:10:22","modified_gmt":"2024-10-05T05:10:22","slug":"curso-de-primeros-auxilios-en-el-hogar","status":"publish","type":"page","link":"https:\/\/cardio60.com\/ca\/cursos\/curso-de-primeros-auxilios-en-el-hogar\/","title":{"rendered":"CURS DE PRIMERS AUXILIS A LA LLAR"},"content":{"rendered":"<div data-elementor-type=\"wp-page\" data-elementor-id=\"27601\" class=\"elementor elementor-27601\">\n\t\t\t\t\t\t<section class=\"elementor-section elementor-top-section elementor-element elementor-element-353476d2 elementor-section-stretched elementor-section-boxed elementor-section-height-default elementor-section-height-default\" data-id=\"353476d2\" data-element_type=\"section\" data-e-type=\"section\" data-settings=\"{&quot;background_background&quot;:&quot;classic&quot;,&quot;stretch_section&quot;:&quot;section-stretched&quot;}\">\n\t\t\t\t\t\t<div class=\"elementor-container elementor-column-gap-default\">\n\t\t\t\t\t<div class=\"elementor-column elementor-col-50 elementor-top-column elementor-element elementor-element-2b411c4d\" data-id=\"2b411c4d\" data-element_type=\"column\" data-e-type=\"column\">\n\t\t\t<div class=\"elementor-widget-wrap elementor-element-populated\">\n\t\t\t\t\t\t<div class=\"elementor-element elementor-element-300a52a6 elementor-widget elementor-widget-heading\" data-id=\"300a52a6\" data-element_type=\"widget\" data-e-type=\"widget\" data-widget_type=\"heading.default\">\n\t\t\t\t<div class=\"elementor-widget-container\">\n\t\t\t\t\t<h1 class=\"elementor-heading-title elementor-size-default\">CURS DE PRIMERS AUXILIS A LA LLAR<\/h1>\t\t\t\t<\/div>\n\t\t\t\t<\/div>\n\t\t\t\t<div class=\"elementor-element elementor-element-48f3b9a5 elementor-widget elementor-widget-text-editor\" data-id=\"48f3b9a5\" data-element_type=\"widget\" data-e-type=\"widget\" data-widget_type=\"text-editor.default\">\n\t\t\t\t<div class=\"elementor-widget-container\">\n\t\t\t\t\t\t\t\t\t<div class=\"stm_lms_udemy_bar\">\n<div class=\"stm_lms_udemy_headline\">\n<p>Les situacions m\u00e9s quotidianes de la vida amaguen riscos per a la integritat f\u00edsica de les persones que m\u00e9s estimes.<\/p>\n<\/div>\n<\/div>\n\t\t\t\t\t\t\t\t<\/div>\n\t\t\t\t<\/div>\n\t\t\t\t\t<\/div>\n\t\t<\/div>\n\t\t\t\t<div class=\"elementor-column elementor-col-50 elementor-top-column elementor-element elementor-element-329a234d\" data-id=\"329a234d\" data-element_type=\"column\" data-e-type=\"column\" data-settings=\"{&quot;background_background&quot;:&quot;classic&quot;}\">\n\t\t\t<div class=\"elementor-widget-wrap elementor-element-populated\">\n\t\t\t\t\t\t<div class=\"elementor-element elementor-element-2510c33e elementor-widget elementor-widget-image\" data-id=\"2510c33e\" data-element_type=\"widget\" data-e-type=\"widget\" data-widget_type=\"image.default\">\n\t\t\t\t<div class=\"elementor-widget-container\">\n\t\t\t\t\t\t\t\t\t\t\t\t\t\t\t<img fetchpriority=\"high\" decoding=\"async\" width=\"1024\" height=\"640\" src=\"https:\/\/cardio60.com\/wp-content\/uploads\/2024\/04\/cardio60-curso-primeros-auxilios-hogar-1024x640.jpg\" class=\"attachment-large size-large wp-image-27433\" alt=\"\" srcset=\"https:\/\/cardio60.com\/wp-content\/uploads\/2024\/04\/cardio60-curso-primeros-auxilios-hogar-1024x640.jpg 1024w, https:\/\/cardio60.com\/wp-content\/uploads\/2024\/04\/cardio60-curso-primeros-auxilios-hogar-300x188.jpg 300w, https:\/\/cardio60.com\/wp-content\/uploads\/2024\/04\/cardio60-curso-primeros-auxilios-hogar-768x480.jpg 768w, https:\/\/cardio60.com\/wp-content\/uploads\/2024\/04\/cardio60-curso-primeros-auxilios-hogar-600x375.jpg 600w, https:\/\/cardio60.com\/wp-content\/uploads\/2024\/04\/cardio60-curso-primeros-auxilios-hogar-1279x799.jpg 1279w, https:\/\/cardio60.com\/wp-content\/uploads\/2024\/04\/cardio60-curso-primeros-auxilios-hogar-18x12.jpg 18w, https:\/\/cardio60.com\/wp-content\/uploads\/2024\/04\/cardio60-curso-primeros-auxilios-hogar-296x185.jpg 296w, https:\/\/cardio60.com\/wp-content\/uploads\/2024\/04\/cardio60-curso-primeros-auxilios-hogar.jpg 1280w\" sizes=\"(max-width: 1024px) 100vw, 1024px\" \/>\t\t\t\t\t\t\t\t\t\t\t\t\t\t\t<\/div>\n\t\t\t\t<\/div>\n\t\t\t\t\t<\/div>\n\t\t<\/div>\n\t\t\t\t\t<\/div>\n\t\t<\/section>\n\t\t\t\t<section class=\"elementor-section elementor-top-section elementor-element elementor-element-440bb687 elementor-section-stretched elementor-section-boxed elementor-section-height-default elementor-section-height-default\" data-id=\"440bb687\" data-element_type=\"section\" data-e-type=\"section\" data-settings=\"{&quot;background_background&quot;:&quot;classic&quot;,&quot;stretch_section&quot;:&quot;section-stretched&quot;}\">\n\t\t\t\t\t\t<div class=\"elementor-container elementor-column-gap-default\">\n\t\t\t\t\t<div class=\"elementor-column elementor-col-50 elementor-top-column elementor-element elementor-element-3764188f\" data-id=\"3764188f\" data-element_type=\"column\" data-e-type=\"column\" data-settings=\"{&quot;background_background&quot;:&quot;classic&quot;}\">\n\t\t\t<div class=\"elementor-widget-wrap elementor-element-populated\">\n\t\t\t\t\t\t<div class=\"elementor-element elementor-element-397869ee elementor-widget elementor-widget-text-editor\" data-id=\"397869ee\" data-element_type=\"widget\" data-e-type=\"widget\" data-widget_type=\"text-editor.default\">\n\t\t\t\t<div class=\"elementor-widget-container\">\n\t\t\t\t\t\t\t\t\t<p><span style=\"font-weight: 400;\">Per a afrontar les desagradables situacions que poden donar-se al dia a dia, CARDIO60 disposa d\u2019un Curs de Primers Auxilis a la Llar que ofereix la possibilitat de garantitzar l\u2019atenci\u00f3 necess\u00e0ria per a minimitzar els danys abans de l\u2019arribada dels serveis d\u2019emerg\u00e8ncies. Entre d\u2019altres, en aquest Curs de Primers Auxilis es contemplen els seg\u00fcents temes:\u00a0<\/span><\/p>\n<ul>\n<li><span style=\"font-weight: 400;\">Atenci\u00f3 davant d\u2019una ferida o hemorr\u00e0gia\u00a0<\/span><\/li>\n<li><span style=\"font-weight: 400;\">Actuaci\u00f3 davant de patologies temps\/dependents (ictus, infart), \u00e9s a dir, la superviv\u00e8ncia disminueix a mida que passen els minuts.<\/span><\/li>\n<li><span style=\"font-weight: 400;\">Atenci\u00f3 a la p\u00e8rdua de consci\u00e8ncia de forma brusca.\u00a0<\/span><\/li>\n<li><span style=\"font-weight: 400;\">Atenci\u00f3 davant d\u2019una patologia pedi\u00e0trica.\u00a0<\/span><\/li>\n<li><span style=\"font-weight: 400;\">Atenci\u00f3 a un ennuegament.\u00a0<\/span><\/li>\n<li><span style=\"font-weight: 400;\">Cura de patologies cr\u00f2niques.\u00a0<\/span><\/li>\n<li><span style=\"font-weight: 400;\">Cura de patologies respirat\u00f2ries.\u00a0<\/span><\/li>\n<\/ul>\n<p><span style=\"font-weight: 400;\">Una emerg\u00e8ncia o un accident no avisa pr\u00e8viament, per aix\u00f2 \u00e9s molt important <\/span><b>tenir uns coneixements m\u00ednims per a soc\u00f2rrer a alg\u00fa<\/b><span style=\"font-weight: 400;\">\u00a0i oferir-li l\u2019ajuda necess\u00e0ria (que estigui a les nostres mansa) fins a l\u2019arribada dels equips d\u2019emerg\u00e8ncies. S\u2019ha de tenir en compte que el lloc i l\u2019hora tampoc s\u00f3n escollits per la v\u00edctima, per aquesta ra\u00f3 \u00e9s habitual trobar-se davant de la parella, familiars i amics.<\/span><\/p>\n<p><span style=\"font-weight: 400;\">Els instructors de CARDIO60 consideren que els primers auxilis haurien de ser una formaci\u00f3 obligat\u00f2ria (ja a l\u2019escola) per a totes les persones i garantitzar aix\u00ed una ajuda necess\u00e0ria sense arribar a causar m\u00e9s lesions que les ja produ\u00efdes.<\/span><\/p>\n\t\t\t\t\t\t\t\t<\/div>\n\t\t\t\t<\/div>\n\t\t\t\t\t<\/div>\n\t\t<\/div>\n\t\t\t\t<div class=\"elementor-column elementor-col-50 elementor-top-column elementor-element elementor-element-57a06726\" data-id=\"57a06726\" data-element_type=\"column\" data-e-type=\"column\" data-settings=\"{&quot;background_background&quot;:&quot;classic&quot;}\">\n\t\t\t<div class=\"elementor-widget-wrap elementor-element-populated\">\n\t\t\t\t\t\t<div class=\"elementor-element elementor-element-292a4b13 elementor-align-center elementor-widget elementor-widget-button\" data-id=\"292a4b13\" data-element_type=\"widget\" data-e-type=\"widget\" data-widget_type=\"button.default\">\n\t\t\t\t<div class=\"elementor-widget-container\">\n\t\t\t\t\t\t\t\t\t<div class=\"elementor-button-wrapper icon_align_\">\n\t\t\t\t\t<a class=\"elementor-button elementor-button-link elementor-size-sm\" href=\"#contacto\">\n\t\t\t\t\t\t<span class=\"elementor-button-content-wrapper\">\n\t\t\t\t\t\t\t\t\t<span class=\"elementor-button-text\">VULL INFORMACI\u00d3<\/span>\n\t\t\t\t\t<\/span>\n\t\t\t\t\t<\/a>\n\t\t\t\t<\/div>\n\t\t\t\t\t\t\t\t<\/div>\n\t\t\t\t<\/div>\n\t\t\t\t\t<\/div>\n\t\t<\/div>\n\t\t\t\t\t<\/div>\n\t\t<\/section>\n\t\t<div class=\"elementor-element elementor-element-10d8f62 e-grid e-con-boxed e-con e-parent\" data-id=\"10d8f62\" data-element_type=\"container\" data-e-type=\"container\">\n\t\t\t\t\t<div class=\"e-con-inner\">\n\t\t\t\t<div class=\"elementor-element elementor-element-c8a2811 elementor-widget elementor-widget-heading\" data-id=\"c8a2811\" data-element_type=\"widget\" data-e-type=\"widget\" data-widget_type=\"heading.default\">\n\t\t\t\t<div class=\"elementor-widget-container\">\n\t\t\t\t\t<h3 class=\"elementor-heading-title elementor-size-default\">Altres cursos que podrien interessar-te\u2026<\/h3>\t\t\t\t<\/div>\n\t\t\t\t<\/div>\n\t\t\t\t\t<\/div>\n\t\t\t\t<\/div>\n\t\t<div class=\"elementor-element elementor-element-c4f7c67 e-grid e-con-boxed e-con e-parent\" data-id=\"c4f7c67\" data-element_type=\"container\" data-e-type=\"container\">\n\t\t\t\t\t<div class=\"e-con-inner\">\n\t\t\t\t<div class=\"elementor-element elementor-element-9cde450 elementor-widget elementor-widget-image\" data-id=\"9cde450\" data-element_type=\"widget\" data-e-type=\"widget\" data-widget_type=\"image.default\">\n\t\t\t\t<div class=\"elementor-widget-container\">\n\t\t\t\t\t\t\t\t\t\t\t\t<figure class=\"wp-caption\">\n\t\t\t\t\t\t\t\t\t\t\t<a href=\"https:\/\/cardio60.com\/ca\/cursos\/curso-de-soporte-vital-basico-y-desfibrilacion-semiautomatica\/\">\n\t\t\t\t\t\t\t<img decoding=\"async\" width=\"1024\" height=\"640\" src=\"https:\/\/cardio60.com\/wp-content\/uploads\/2024\/04\/formacion-rcp-iti-girona-2018-1-1024x640.jpg\" class=\"attachment-large size-large wp-image-27390\" alt=\"\" srcset=\"https:\/\/cardio60.com\/wp-content\/uploads\/2024\/04\/formacion-rcp-iti-girona-2018-1-1024x640.jpg 1024w, https:\/\/cardio60.com\/wp-content\/uploads\/2024\/04\/formacion-rcp-iti-girona-2018-1-300x188.jpg 300w, https:\/\/cardio60.com\/wp-content\/uploads\/2024\/04\/formacion-rcp-iti-girona-2018-1-768x480.jpg 768w, https:\/\/cardio60.com\/wp-content\/uploads\/2024\/04\/formacion-rcp-iti-girona-2018-1-600x375.jpg 600w, https:\/\/cardio60.com\/wp-content\/uploads\/2024\/04\/formacion-rcp-iti-girona-2018-1-18x12.jpg 18w, https:\/\/cardio60.com\/wp-content\/uploads\/2024\/04\/formacion-rcp-iti-girona-2018-1.jpg 1280w\" sizes=\"(max-width: 1024px) 100vw, 1024px\" \/>\t\t\t\t\t\t\t\t<\/a>\n\t\t\t\t\t\t\t\t\t\t\t<figcaption class=\"widget-image-caption wp-caption-text\">CURS DE SUPORT VITAL B\u00c0SIC I DESFIBRIL\u00b7LACI\u00d3 AUTOM\u00c0TICA<\/figcaption>\n\t\t\t\t\t\t\t\t\t\t<\/figure>\n\t\t\t\t\t\t\t\t\t<\/div>\n\t\t\t\t<\/div>\n\t\t\t\t<div class=\"elementor-element elementor-element-8941067 elementor-widget elementor-widget-image\" data-id=\"8941067\" data-element_type=\"widget\" data-e-type=\"widget\" data-widget_type=\"image.default\">\n\t\t\t\t<div class=\"elementor-widget-container\">\n\t\t\t\t\t\t\t\t\t\t\t\t<figure class=\"wp-caption\">\n\t\t\t\t\t\t\t\t\t\t\t<a href=\"https:\/\/cardio60.com\/ca\/cursos\/curso-de-primeros-auxilios-en-el-deporte\/\">\n\t\t\t\t\t\t\t<img decoding=\"async\" width=\"1024\" height=\"640\" src=\"https:\/\/cardio60.com\/wp-content\/uploads\/2024\/04\/cardio60-curso-primeros-auxilios-deporte-1024x640.jpg\" class=\"attachment-large size-large wp-image-27438\" alt=\"\" srcset=\"https:\/\/cardio60.com\/wp-content\/uploads\/2024\/04\/cardio60-curso-primeros-auxilios-deporte-1024x640.jpg 1024w, https:\/\/cardio60.com\/wp-content\/uploads\/2024\/04\/cardio60-curso-primeros-auxilios-deporte-300x188.jpg 300w, https:\/\/cardio60.com\/wp-content\/uploads\/2024\/04\/cardio60-curso-primeros-auxilios-deporte-768x480.jpg 768w, https:\/\/cardio60.com\/wp-content\/uploads\/2024\/04\/cardio60-curso-primeros-auxilios-deporte-600x375.jpg 600w, https:\/\/cardio60.com\/wp-content\/uploads\/2024\/04\/cardio60-curso-primeros-auxilios-deporte-1279x799.jpg 1279w, https:\/\/cardio60.com\/wp-content\/uploads\/2024\/04\/cardio60-curso-primeros-auxilios-deporte-18x12.jpg 18w, https:\/\/cardio60.com\/wp-content\/uploads\/2024\/04\/cardio60-curso-primeros-auxilios-deporte-296x185.jpg 296w, https:\/\/cardio60.com\/wp-content\/uploads\/2024\/04\/cardio60-curso-primeros-auxilios-deporte.jpg 1280w\" sizes=\"(max-width: 1024px) 100vw, 1024px\" \/>\t\t\t\t\t\t\t\t<\/a>\n\t\t\t\t\t\t\t\t\t\t\t<figcaption class=\"widget-image-caption wp-caption-text\">CURS DE PRIMERS AUXILIS A L\u2019ESPORT<\/figcaption>\n\t\t\t\t\t\t\t\t\t\t<\/figure>\n\t\t\t\t\t\t\t\t\t<\/div>\n\t\t\t\t<\/div>\n\t\t\t\t\t<\/div>\n\t\t\t\t<\/div>\n\t\t\t\t<section class=\"elementor-section elementor-top-section elementor-element elementor-element-65440638 elementor-section-stretched elementor-section-boxed elementor-section-height-default elementor-section-height-default\" data-id=\"65440638\" data-element_type=\"section\" data-e-type=\"section\" data-settings=\"{&quot;background_background&quot;:&quot;classic&quot;,&quot;stretch_section&quot;:&quot;section-stretched&quot;}\">\n\t\t\t\t\t\t\t<div class=\"elementor-background-overlay\"><\/div>\n\t\t\t\t\t\t\t<div class=\"elementor-container elementor-column-gap-default\">\n\t\t\t\t\t<div class=\"elementor-column elementor-col-25 elementor-top-column elementor-element elementor-element-5dbe6126\" data-id=\"5dbe6126\" data-element_type=\"column\" data-e-type=\"column\">\n\t\t\t<div class=\"elementor-widget-wrap\">\n\t\t\t\t\t\t\t<\/div>\n\t\t<\/div>\n\t\t\t\t<div class=\"elementor-column elementor-col-50 elementor-top-column elementor-element elementor-element-5367684b\" data-id=\"5367684b\" data-element_type=\"column\" data-e-type=\"column\">\n\t\t\t<div class=\"elementor-widget-wrap elementor-element-populated\">\n\t\t\t\t\t\t<section class=\"elementor-section elementor-top-section elementor-element elementor-element-71d4c7c5 elementor-section-boxed elementor-section-height-default elementor-section-height-default\" data-id=\"71d4c7c5\" data-element_type=\"section\" data-e-type=\"section\" data-settings=\"{&quot;background_background&quot;:&quot;classic&quot;}\">\n\t\t\t\t\t\t<div class=\"elementor-container elementor-column-gap-default\">\n\t\t\t\t\t<div class=\"elementor-column elementor-col-8 elementor-top-column elementor-element elementor-element-47da394d elementor-hidden-tablet elementor-hidden-phone\" data-id=\"47da394d\" data-element_type=\"column\" data-e-type=\"column\">\n\t\t\t<div class=\"elementor-widget-wrap\">\n\t\t\t\t\t\t\t<\/div>\n\t\t<\/div>\n\t\t\t\t<div class=\"elementor-column elementor-col-100 elementor-top-column elementor-element elementor-element-2f196581\" data-id=\"2f196581\" data-element_type=\"column\" data-e-type=\"column\">\n\t\t\t<div class=\"elementor-widget-wrap elementor-element-populated\">\n\t\t\t\t\t\t<div class=\"elementor-element elementor-element-246642f6 elementor-widget elementor-widget-menu-anchor\" data-id=\"246642f6\" data-element_type=\"widget\" data-e-type=\"widget\" data-widget_type=\"menu-anchor.default\">\n\t\t\t\t<div class=\"elementor-widget-container\">\n\t\t\t\t\t\t\t<div class=\"elementor-menu-anchor\" id=\"contacto\"><\/div>\n\t\t\t\t\t\t<\/div>\n\t\t\t\t<\/div>\n\t\t\t\t<div class=\"elementor-element elementor-element-722dd7aa elementor-widget elementor-widget-text-editor\" data-id=\"722dd7aa\" data-element_type=\"widget\" data-e-type=\"widget\" data-widget_type=\"text-editor.default\">\n\t\t\t\t<div class=\"elementor-widget-container\">\n\t\t\t\t\t\t\t\t\t<h2 style=\"text-align: center;\"><span style=\"color: #ffffff;\">Es el moment de\u00a0<span style=\"color: #00c691;\">comen\u00e7ar<\/span> a canviar el m\u00f3n<\/span><\/h2>\n\t\t\t\t\t\t\t\t<\/div>\n\t\t\t\t<\/div>\n\t\t\t\t\t<\/div>\n\t\t<\/div>\n\t\t\t\t<div class=\"elementor-column elementor-col-8 elementor-top-column elementor-element elementor-element-3b5ec7ac elementor-hidden-tablet elementor-hidden-phone\" data-id=\"3b5ec7ac\" data-element_type=\"column\" data-e-type=\"column\">\n\t\t\t<div class=\"elementor-widget-wrap\">\n\t\t\t\t\t\t\t<\/div>\n\t\t<\/div>\n\t\t\t\t\t<\/div>\n\t\t<\/section>\n\t\t\t\t<div class=\"elementor-element elementor-element-22930aaf elementor-widget elementor-widget-vc_custom_heading\" data-id=\"22930aaf\" data-element_type=\"widget\" data-e-type=\"widget\" data-widget_type=\"vc_custom_heading.default\">\n\t\t\t\t<div class=\"elementor-widget-container\">\n\t\t\t\t\t<div class=\"vc_custom_heading  masterstudy_heading_font  text_align_center\" ><h4 style=\"font-size: 18px;color: #ffffff;text-align: center;line-height: 30px;font-weight:400\" class=\"masterstudy-custom-title\">Si est\u00e0s interessat en realitzar un curs o saber m\u00e9s sobre CARDIO60, contacta amb nosaltres:\n<\/h4><\/div>\t\t\t\t<\/div>\n\t\t\t\t<\/div>\n\t\t\t\t<div class=\"elementor-element elementor-element-3c5e8cfc elementor-widget elementor-widget-stm_contact_form_7\" data-id=\"3c5e8cfc\" data-element_type=\"widget\" data-e-type=\"widget\" data-widget_type=\"stm_contact_form_7.default\">\n\t\t\t\t<div class=\"elementor-widget-container\">\n\t\t\t\t\t\n<div class=\"wpcf7 no-js\" id=\"wpcf7-f403-o1\" lang=\"en-US\" dir=\"ltr\" data-wpcf7-id=\"403\">\n<div class=\"screen-reader-response\"><p role=\"status\" aria-live=\"polite\" aria-atomic=\"true\"><\/p> <ul><\/ul><\/div>\n<form action=\"\/ca\/wp-json\/wp\/v2\/pages\/27601#wpcf7-f403-o1\" method=\"post\" class=\"wpcf7-form init\" aria-label=\"Contact form\" novalidate=\"novalidate\" data-status=\"init\" data-trp-original-action=\"\/ca\/wp-json\/wp\/v2\/pages\/27601#wpcf7-f403-o1\">\n<fieldset class=\"hidden-fields-container\"><input type=\"hidden\" name=\"_wpcf7\" value=\"403\" \/><input type=\"hidden\" name=\"_wpcf7_version\" value=\"6.1.5\" \/><input type=\"hidden\" name=\"_wpcf7_locale\" value=\"en_US\" \/><input type=\"hidden\" name=\"_wpcf7_unit_tag\" value=\"wpcf7-f403-o1\" \/><input type=\"hidden\" name=\"_wpcf7_container_post\" value=\"0\" \/><input type=\"hidden\" name=\"_wpcf7_posted_data_hash\" value=\"\" \/>\n<\/fieldset>\n<div class=\"row\">\n\t<div class=\"col-xs-12 col-sm-6 col-md-6 col-lg-6\">\n\t\t<div class=\"form-group\">\n\t\t\t<p><span class=\"wpcf7-form-control-wrap\" data-name=\"nombre\"><input size=\"40\" maxlength=\"400\" class=\"wpcf7-form-control wpcf7-text wpcf7-validates-as-required form-control\" aria-required=\"true\" aria-invalid=\"false\" placeholder=\"Nom*\" value=\"\" type=\"text\" name=\"nombre\" \/><\/span>\n\t\t\t<\/p>\n\t\t<\/div>\n\t<\/div>\n\t<div class=\"col-xs-12 col-sm-6 col-md-6 col-lg-6\">\n\t\t<div class=\"form-group\">\n\t\t\t<p><span class=\"wpcf7-form-control-wrap\" data-name=\"email\"><input size=\"40\" maxlength=\"400\" class=\"wpcf7-form-control wpcf7-email wpcf7-validates-as-required wpcf7-text wpcf7-validates-as-email form-control\" aria-required=\"true\" aria-invalid=\"false\" placeholder=\"Email*\" value=\"\" type=\"email\" name=\"email\" \/><\/span>\n\t\t\t<\/p>\n\t\t<\/div>\n\t<\/div>\n<\/div>\n<div class=\"row\">\n\t<div class=\"col-xs-12 col-sm-6 col-md-6 col-lg-6\">\n\t\t<div class=\"form-group\">\n\t\t\t<p><span class=\"wpcf7-form-control-wrap\" data-name=\"empresa\"><input size=\"40\" maxlength=\"400\" class=\"wpcf7-form-control wpcf7-text form-control\" aria-invalid=\"false\" placeholder=\"Empresa\" value=\"\" type=\"text\" name=\"empresa\" \/><\/span>\n\t\t\t<\/p>\n\t\t<\/div>\n\t<\/div>\n\t<div class=\"col-xs-12 col-sm-6 col-md-6 col-lg-6\">\n\t\t<div class=\"form-group\">\n\t\t\t<p><span class=\"wpcf7-form-control-wrap\" data-name=\"tel-742\"><input size=\"40\" maxlength=\"400\" class=\"wpcf7-form-control wpcf7-tel wpcf7-validates-as-required wpcf7-text wpcf7-validates-as-tel\" aria-required=\"true\" aria-invalid=\"false\" placeholder=\"Tel\u00e8fon*\" value=\"\" type=\"tel\" name=\"tel-742\" \/><\/span>\n\t\t\t<\/p>\n\t\t<\/div>\n\t<\/div>\n<\/div>\n<div class=\"row\">\n\t<div class=\"col-xs-12 col-sm-12 col-md-12 col-lg-12\">\n\t\t<div class=\"form-group\">\n\t\t\t<p><span class=\"wpcf7-form-control-wrap\" data-name=\"message\"><textarea cols=\"40\" rows=\"9\" maxlength=\"2000\" class=\"wpcf7-form-control wpcf7-textarea wpcf7-validates-as-required form-control\" aria-required=\"true\" aria-invalid=\"false\" placeholder=\"Missatge*\" name=\"message\"><\/textarea><\/span>\n\t\t\t<\/p>\n\t\t<\/div>\n\t<\/div>\n<\/div>\n<div class=\"row\">\n\t<div class=\"col-xs-12 col-sm-12 col-md-12 col-lg-12\">\n\t\t<p><span class=\"wpcf7-form-control-wrap\" data-name=\"acceptance-916\"><span class=\"wpcf7-form-control wpcf7-acceptance\"><span class=\"wpcf7-list-item\"><label><input type=\"checkbox\" name=\"acceptance-916\" value=\"1\" aria-invalid=\"false\" \/><span class=\"wpcf7-list-item-label\">He llegit i accepto la pol\u00edtica de privacitat<\/span><\/label><\/span><\/span><\/span><br \/>\n<input class=\"wpcf7-form-control wpcf7-submit has-spinner btn btn-default\" type=\"submit\" value=\"ENVIAR\" \/>\n\t\t<\/p>\n\t<\/div>\n<\/div><div class=\"wpcf7-response-output\" aria-hidden=\"true\"><\/div>\n<input type=\"hidden\" name=\"trp-form-language\" value=\"ca\"\/><\/form>\n<\/div>\n\t\t\t\t<\/div>\n\t\t\t\t<\/div>\n\t\t\t\t\t<\/div>\n\t\t<\/div>\n\t\t\t\t<div class=\"elementor-column elementor-col-25 elementor-top-column elementor-element elementor-element-28d804d5\" data-id=\"28d804d5\" data-element_type=\"column\" data-e-type=\"column\">\n\t\t\t<div class=\"elementor-widget-wrap\">\n\t\t\t\t\t\t\t<\/div>\n\t\t<\/div>\n\t\t\t\t\t<\/div>\n\t\t<\/section>\n\t\t\t\t<\/div>","protected":false},"excerpt":{"rendered":"<p>CURSO DE PRIMEROS AUXILIOS EN EL HOGAR Las situaciones m\u00e1s cotidianas de tu vida esconden riesgos para la integridad f\u00edsica de las personas que m\u00e1s quieres. Para afrontar las desagradables situaciones que pueden suceder en el d\u00eda a d\u00eda, CARDIO60 dispone de un Curso de Primeros Auxilios en el Hogar que ofrece la posibilidad de [&hellip;]<\/p>\n","protected":false},"author":3,"featured_media":27433,"parent":27113,"menu_order":4,"comment_status":"closed","ping_status":"closed","template":"","meta":{"inline_featured_image":false,"footnotes":""},"class_list":["post-27601","page","type-page","status-publish","has-post-thumbnail","hentry"],"_links":{"self":[{"href":"https:\/\/cardio60.com\/ca\/wp-json\/wp\/v2\/pages\/27601","targetHints":{"allow":["GET"]}}],"collection":[{"href":"https:\/\/cardio60.com\/ca\/wp-json\/wp\/v2\/pages"}],"about":[{"href":"https:\/\/cardio60.com\/ca\/wp-json\/wp\/v2\/types\/page"}],"author":[{"embeddable":true,"href":"https:\/\/cardio60.com\/ca\/wp-json\/wp\/v2\/users\/3"}],"replies":[{"embeddable":true,"href":"https:\/\/cardio60.com\/ca\/wp-json\/wp\/v2\/comments?post=27601"}],"version-history":[{"count":25,"href":"https:\/\/cardio60.com\/ca\/wp-json\/wp\/v2\/pages\/27601\/revisions"}],"predecessor-version":[{"id":27966,"href":"https:\/\/cardio60.com\/ca\/wp-json\/wp\/v2\/pages\/27601\/revisions\/27966"}],"up":[{"embeddable":true,"href":"https:\/\/cardio60.com\/ca\/wp-json\/wp\/v2\/pages\/27113"}],"wp:featuredmedia":[{"embeddable":true,"href":"https:\/\/cardio60.com\/ca\/wp-json\/wp\/v2\/media\/27433"}],"wp:attachment":[{"href":"https:\/\/cardio60.com\/ca\/wp-json\/wp\/v2\/media?parent=27601"}],"curies":[{"name":"wp","href":"https:\/\/api.w.org\/{rel}","templated":true}]}}