{"id":27581,"date":"2024-05-07T16:28:55","date_gmt":"2024-05-07T14:28:55","guid":{"rendered":"https:\/\/cardio60.com\/?page_id=27581"},"modified":"2024-10-05T07:01:40","modified_gmt":"2024-10-05T05:01:40","slug":"curso-de-primeros-auxilios-en-el-deporte","status":"publish","type":"page","link":"https:\/\/cardio60.com\/ca\/cursos\/curso-de-primeros-auxilios-en-el-deporte\/","title":{"rendered":"CURS DE PRIMERS AUXILIS A L\u2019ESPORT"},"content":{"rendered":"<div data-elementor-type=\"wp-page\" data-elementor-id=\"27581\" class=\"elementor elementor-27581\">\n\t\t\t\t\t\t<section class=\"elementor-section elementor-top-section elementor-element elementor-element-1677e854 elementor-section-stretched elementor-section-boxed elementor-section-height-default elementor-section-height-default\" data-id=\"1677e854\" data-element_type=\"section\" data-e-type=\"section\" data-settings=\"{&quot;background_background&quot;:&quot;classic&quot;,&quot;stretch_section&quot;:&quot;section-stretched&quot;}\">\n\t\t\t\t\t\t<div class=\"elementor-container elementor-column-gap-default\">\n\t\t\t\t\t<div class=\"elementor-column elementor-col-50 elementor-top-column elementor-element elementor-element-138a6e5\" data-id=\"138a6e5\" data-element_type=\"column\" data-e-type=\"column\">\n\t\t\t<div class=\"elementor-widget-wrap elementor-element-populated\">\n\t\t\t\t\t\t<div class=\"elementor-element elementor-element-1615f80 elementor-widget elementor-widget-heading\" data-id=\"1615f80\" data-element_type=\"widget\" data-e-type=\"widget\" data-widget_type=\"heading.default\">\n\t\t\t\t<div class=\"elementor-widget-container\">\n\t\t\t\t\t<h1 class=\"elementor-heading-title elementor-size-default\">CURS DE PRIMERS AUXILIS A L\u2019ESPORT<\/h1>\t\t\t\t<\/div>\n\t\t\t\t<\/div>\n\t\t\t\t<div class=\"elementor-element elementor-element-22ee526f elementor-widget elementor-widget-text-editor\" data-id=\"22ee526f\" data-element_type=\"widget\" data-e-type=\"widget\" data-widget_type=\"text-editor.default\">\n\t\t\t\t<div class=\"elementor-widget-container\">\n\t\t\t\t\t\t\t\t\t<div class=\"stm_lms_udemy_bar\">\n<div class=\"stm_lms_udemy_headline\">\n<p>Una emergencia o un accidente no avisa previamente, por eso es muy importante tener <strong>unos conocimientos m\u00ednimos para socorrer a alguien\u00a0y ofrecerle la ayuda necesaria<\/strong> (que est\u00e9 en nuestras manos) hasta la llegada de los equipos de emergencias. Cabe recordar que el lugar y la hora tampoco son escogidos por la v\u00edctima, por eso es habitual encontrarse ante la pareja, familiares o amigos.<\/p>\n<\/div>\n<\/div>\n\t\t\t\t\t\t\t\t<\/div>\n\t\t\t\t<\/div>\n\t\t\t\t\t<\/div>\n\t\t<\/div>\n\t\t\t\t<div class=\"elementor-column elementor-col-50 elementor-top-column elementor-element elementor-element-5182c160\" data-id=\"5182c160\" data-element_type=\"column\" data-e-type=\"column\" data-settings=\"{&quot;background_background&quot;:&quot;classic&quot;}\">\n\t\t\t<div class=\"elementor-widget-wrap elementor-element-populated\">\n\t\t\t\t\t\t<div class=\"elementor-element elementor-element-590554fc elementor-widget elementor-widget-image\" data-id=\"590554fc\" data-element_type=\"widget\" data-e-type=\"widget\" data-widget_type=\"image.default\">\n\t\t\t\t<div class=\"elementor-widget-container\">\n\t\t\t\t\t\t\t\t\t\t\t\t\t\t\t<img fetchpriority=\"high\" decoding=\"async\" width=\"1024\" height=\"640\" src=\"https:\/\/cardio60.com\/wp-content\/uploads\/2024\/04\/cardio60-curso-primeros-auxilios-deporte-1024x640.jpg\" class=\"attachment-large size-large wp-image-27438\" alt=\"\" srcset=\"https:\/\/cardio60.com\/wp-content\/uploads\/2024\/04\/cardio60-curso-primeros-auxilios-deporte-1024x640.jpg 1024w, https:\/\/cardio60.com\/wp-content\/uploads\/2024\/04\/cardio60-curso-primeros-auxilios-deporte-300x188.jpg 300w, https:\/\/cardio60.com\/wp-content\/uploads\/2024\/04\/cardio60-curso-primeros-auxilios-deporte-768x480.jpg 768w, https:\/\/cardio60.com\/wp-content\/uploads\/2024\/04\/cardio60-curso-primeros-auxilios-deporte-600x375.jpg 600w, https:\/\/cardio60.com\/wp-content\/uploads\/2024\/04\/cardio60-curso-primeros-auxilios-deporte-1279x799.jpg 1279w, https:\/\/cardio60.com\/wp-content\/uploads\/2024\/04\/cardio60-curso-primeros-auxilios-deporte-18x12.jpg 18w, https:\/\/cardio60.com\/wp-content\/uploads\/2024\/04\/cardio60-curso-primeros-auxilios-deporte-296x185.jpg 296w, https:\/\/cardio60.com\/wp-content\/uploads\/2024\/04\/cardio60-curso-primeros-auxilios-deporte.jpg 1280w\" sizes=\"(max-width: 1024px) 100vw, 1024px\" \/>\t\t\t\t\t\t\t\t\t\t\t\t\t\t\t<\/div>\n\t\t\t\t<\/div>\n\t\t\t\t\t<\/div>\n\t\t<\/div>\n\t\t\t\t\t<\/div>\n\t\t<\/section>\n\t\t\t\t<section class=\"elementor-section elementor-top-section elementor-element elementor-element-7cda096 elementor-section-stretched elementor-section-boxed elementor-section-height-default elementor-section-height-default\" data-id=\"7cda096\" data-element_type=\"section\" data-e-type=\"section\" data-settings=\"{&quot;background_background&quot;:&quot;classic&quot;,&quot;stretch_section&quot;:&quot;section-stretched&quot;}\">\n\t\t\t\t\t\t<div class=\"elementor-container elementor-column-gap-default\">\n\t\t\t\t\t<div class=\"elementor-column elementor-col-50 elementor-top-column elementor-element elementor-element-23804a65\" data-id=\"23804a65\" data-element_type=\"column\" data-e-type=\"column\" data-settings=\"{&quot;background_background&quot;:&quot;classic&quot;}\">\n\t\t\t<div class=\"elementor-widget-wrap elementor-element-populated\">\n\t\t\t\t\t\t<div class=\"elementor-element elementor-element-7e6c23a4 elementor-widget elementor-widget-text-editor\" data-id=\"7e6c23a4\" data-element_type=\"widget\" data-e-type=\"widget\" data-widget_type=\"text-editor.default\">\n\t\t\t\t<div class=\"elementor-widget-container\">\n\t\t\t\t\t\t\t\t\t<p><span style=\"font-weight: 400;\">Al Curs de Primers Auxilis a l\u2019Esport es treballa la prevenci\u00f3 i actuaci\u00f3 davant d\u2019una urg\u00e8ncia o una emerg\u00e8ncia durant la pr\u00e0ctica esportiva. L\u2019esport \u00e9s salut, per\u00f2 no est\u00e0 exempt de que hi hagi alguna situaci\u00f3 inesperada que requereixi d\u2019una actuaci\u00f3 inmediata pr\u00e8via a l\u2019arribada dels equips d\u2019emerg\u00e8ncies. Amb CARDIO60 aprendr\u00e0s a prevenir aquestes situacions i com actuar-hi. Entre d\u2019altres, es tracten els seg\u00fcents escenaris:\u00a0<\/span><\/p>\n<ul>\n<li><span style=\"font-weight: 400;\">Atenci\u00f3 inicial a una ferida o hemorr\u00e0gia.\u00a0<\/span><\/li>\n<li><span style=\"font-weight: 400;\">Actuaci\u00f3 davant de patologies temps\/dependents (ictus, infart), \u00e9s a dir, la superviv\u00e8ncia disminueix a mida que passen els minuts.<\/span><\/li>\n<li><span style=\"font-weight: 400;\">Atenci\u00f3 inicial davant d\u2019una p\u00e8rdua de consci\u00e8ncia i traumatisme craneoencef\u00e0l\u00b7lic (TCE).\u00a0<\/span><\/li>\n<li><span style=\"font-weight: 400;\">Atenci\u00f3 inicial a la v\u00edctima que ha patit una caiguda.\u00a0<\/span><\/li>\n<li><span style=\"font-weight: 400;\">Atenci\u00f3 a una picada o mossegada d\u2019animals.\u00a0<\/span><\/li>\n<\/ul>\n<p><span style=\"font-weight: 400;\">Los instructores de CARDIO60 consideran que los primeros auxilios deber\u00edan ser una formaci\u00f3n obligatoria (ya en la escuela) para todas las personas y garantizar as\u00ed una ayuda necesaria sin llegar a causar m\u00e1s lesiones que las ya producidas.<\/span><\/p>\n\t\t\t\t\t\t\t\t<\/div>\n\t\t\t\t<\/div>\n\t\t\t\t\t<\/div>\n\t\t<\/div>\n\t\t\t\t<div class=\"elementor-column elementor-col-50 elementor-top-column elementor-element elementor-element-51d3881b\" data-id=\"51d3881b\" data-element_type=\"column\" data-e-type=\"column\" data-settings=\"{&quot;background_background&quot;:&quot;classic&quot;}\">\n\t\t\t<div class=\"elementor-widget-wrap elementor-element-populated\">\n\t\t\t\t\t\t<div class=\"elementor-element elementor-element-55c9ff88 elementor-align-center elementor-widget elementor-widget-button\" data-id=\"55c9ff88\" data-element_type=\"widget\" data-e-type=\"widget\" data-widget_type=\"button.default\">\n\t\t\t\t<div class=\"elementor-widget-container\">\n\t\t\t\t\t\t\t\t\t<div class=\"elementor-button-wrapper icon_align_\">\n\t\t\t\t\t<a class=\"elementor-button elementor-button-link elementor-size-sm\" href=\"#contacto\">\n\t\t\t\t\t\t<span class=\"elementor-button-content-wrapper\">\n\t\t\t\t\t\t\t\t\t<span class=\"elementor-button-text\">VULL INFORMACI\u00d3<\/span>\n\t\t\t\t\t<\/span>\n\t\t\t\t\t<\/a>\n\t\t\t\t<\/div>\n\t\t\t\t\t\t\t\t<\/div>\n\t\t\t\t<\/div>\n\t\t\t\t\t<\/div>\n\t\t<\/div>\n\t\t\t\t\t<\/div>\n\t\t<\/section>\n\t\t<div class=\"elementor-element elementor-element-6cd4070 e-grid e-con-boxed e-con e-parent\" data-id=\"6cd4070\" data-element_type=\"container\" data-e-type=\"container\">\n\t\t\t\t\t<div class=\"e-con-inner\">\n\t\t\t\t<div class=\"elementor-element elementor-element-ecffb43 elementor-widget elementor-widget-heading\" data-id=\"ecffb43\" data-element_type=\"widget\" data-e-type=\"widget\" data-widget_type=\"heading.default\">\n\t\t\t\t<div class=\"elementor-widget-container\">\n\t\t\t\t\t<h3 class=\"elementor-heading-title elementor-size-default\">Altres cursos que podrien interessar-te\u2026<\/h3>\t\t\t\t<\/div>\n\t\t\t\t<\/div>\n\t\t\t\t\t<\/div>\n\t\t\t\t<\/div>\n\t\t<div class=\"elementor-element elementor-element-c304e6e e-grid e-con-boxed e-con e-parent\" data-id=\"c304e6e\" data-element_type=\"container\" data-e-type=\"container\">\n\t\t\t\t\t<div class=\"e-con-inner\">\n\t\t\t\t<div class=\"elementor-element elementor-element-706e3bd elementor-widget elementor-widget-image\" data-id=\"706e3bd\" data-element_type=\"widget\" data-e-type=\"widget\" data-widget_type=\"image.default\">\n\t\t\t\t<div class=\"elementor-widget-container\">\n\t\t\t\t\t\t\t\t\t\t\t\t<figure class=\"wp-caption\">\n\t\t\t\t\t\t\t\t\t\t\t<a href=\"https:\/\/cardio60.com\/ca\/cursos\/curso-de-soporte-vital-basico-y-desfibrilacion-semiautomatica\/\">\n\t\t\t\t\t\t\t<img decoding=\"async\" width=\"1024\" height=\"640\" src=\"https:\/\/cardio60.com\/wp-content\/uploads\/2024\/04\/formacion-rcp-iti-girona-2018-1024x640.jpg\" class=\"attachment-large size-large wp-image-27309\" alt=\"\" srcset=\"https:\/\/cardio60.com\/wp-content\/uploads\/2024\/04\/formacion-rcp-iti-girona-2018-1024x640.jpg 1024w, https:\/\/cardio60.com\/wp-content\/uploads\/2024\/04\/formacion-rcp-iti-girona-2018-600x375.jpg 600w, https:\/\/cardio60.com\/wp-content\/uploads\/2024\/04\/formacion-rcp-iti-girona-2018-300x188.jpg 300w, https:\/\/cardio60.com\/wp-content\/uploads\/2024\/04\/formacion-rcp-iti-girona-2018-768x480.jpg 768w, https:\/\/cardio60.com\/wp-content\/uploads\/2024\/04\/formacion-rcp-iti-girona-2018-1279x799.jpg 1279w, https:\/\/cardio60.com\/wp-content\/uploads\/2024\/04\/formacion-rcp-iti-girona-2018.jpg 1280w\" sizes=\"(max-width: 1024px) 100vw, 1024px\" \/>\t\t\t\t\t\t\t\t<\/a>\n\t\t\t\t\t\t\t\t\t\t\t<figcaption class=\"widget-image-caption wp-caption-text\">CURS DE SUPORT VITAL B\u00c0SIC I DESFIBRIL\u00b7LACI\u00d3 AUTOM\u00c0TICA<\/figcaption>\n\t\t\t\t\t\t\t\t\t\t<\/figure>\n\t\t\t\t\t\t\t\t\t<\/div>\n\t\t\t\t<\/div>\n\t\t\t\t<div class=\"elementor-element elementor-element-bc0dc80 elementor-widget elementor-widget-image\" data-id=\"bc0dc80\" data-element_type=\"widget\" data-e-type=\"widget\" data-widget_type=\"image.default\">\n\t\t\t\t<div class=\"elementor-widget-container\">\n\t\t\t\t\t\t\t\t\t\t\t\t<figure class=\"wp-caption\">\n\t\t\t\t\t\t\t\t\t\t\t<a href=\"https:\/\/cardio60.com\/ca\/cursos\/curso-de-primeros-auxilios-en-el-ambito-laboral\/\">\n\t\t\t\t\t\t\t<img decoding=\"async\" width=\"1024\" height=\"640\" src=\"https:\/\/cardio60.com\/wp-content\/uploads\/2024\/04\/cardio60-formacion-primeros-auxilios-1024x640.png\" class=\"attachment-large size-large wp-image-27311\" alt=\"\" srcset=\"https:\/\/cardio60.com\/wp-content\/uploads\/2024\/04\/cardio60-formacion-primeros-auxilios-1024x640.png 1024w, https:\/\/cardio60.com\/wp-content\/uploads\/2024\/04\/cardio60-formacion-primeros-auxilios-600x375.png 600w, https:\/\/cardio60.com\/wp-content\/uploads\/2024\/04\/cardio60-formacion-primeros-auxilios-300x188.png 300w, https:\/\/cardio60.com\/wp-content\/uploads\/2024\/04\/cardio60-formacion-primeros-auxilios-768x480.png 768w, https:\/\/cardio60.com\/wp-content\/uploads\/2024\/04\/cardio60-formacion-primeros-auxilios-1279x799.png 1279w, https:\/\/cardio60.com\/wp-content\/uploads\/2024\/04\/cardio60-formacion-primeros-auxilios-18x12.png 18w, https:\/\/cardio60.com\/wp-content\/uploads\/2024\/04\/cardio60-formacion-primeros-auxilios-296x185.png 296w, https:\/\/cardio60.com\/wp-content\/uploads\/2024\/04\/cardio60-formacion-primeros-auxilios.png 1280w\" sizes=\"(max-width: 1024px) 100vw, 1024px\" \/>\t\t\t\t\t\t\t\t<\/a>\n\t\t\t\t\t\t\t\t\t\t\t<figcaption class=\"widget-image-caption wp-caption-text\">CURS DE PRIMERS AUXILIS EN L\u2019\u00c0MBIT LABORAL<\/figcaption>\n\t\t\t\t\t\t\t\t\t\t<\/figure>\n\t\t\t\t\t\t\t\t\t<\/div>\n\t\t\t\t<\/div>\n\t\t\t\t\t<\/div>\n\t\t\t\t<\/div>\n\t\t\t\t<section class=\"elementor-section elementor-top-section elementor-element elementor-element-1a5456ce elementor-section-stretched elementor-section-boxed elementor-section-height-default elementor-section-height-default\" data-id=\"1a5456ce\" data-element_type=\"section\" data-e-type=\"section\" data-settings=\"{&quot;background_background&quot;:&quot;classic&quot;,&quot;stretch_section&quot;:&quot;section-stretched&quot;}\">\n\t\t\t\t\t\t\t<div class=\"elementor-background-overlay\"><\/div>\n\t\t\t\t\t\t\t<div class=\"elementor-container elementor-column-gap-default\">\n\t\t\t\t\t<div class=\"elementor-column elementor-col-25 elementor-top-column elementor-element elementor-element-6a04a882\" data-id=\"6a04a882\" data-element_type=\"column\" data-e-type=\"column\">\n\t\t\t<div class=\"elementor-widget-wrap\">\n\t\t\t\t\t\t\t<\/div>\n\t\t<\/div>\n\t\t\t\t<div class=\"elementor-column elementor-col-50 elementor-top-column elementor-element elementor-element-29dbd182\" data-id=\"29dbd182\" data-element_type=\"column\" data-e-type=\"column\">\n\t\t\t<div class=\"elementor-widget-wrap elementor-element-populated\">\n\t\t\t\t\t\t<section class=\"elementor-section elementor-top-section elementor-element elementor-element-79d722f3 elementor-section-boxed elementor-section-height-default elementor-section-height-default\" data-id=\"79d722f3\" data-element_type=\"section\" data-e-type=\"section\" data-settings=\"{&quot;background_background&quot;:&quot;classic&quot;}\">\n\t\t\t\t\t\t<div class=\"elementor-container elementor-column-gap-default\">\n\t\t\t\t\t<div class=\"elementor-column elementor-col-8 elementor-top-column elementor-element elementor-element-297d6c98 elementor-hidden-tablet elementor-hidden-phone\" data-id=\"297d6c98\" data-element_type=\"column\" data-e-type=\"column\">\n\t\t\t<div class=\"elementor-widget-wrap\">\n\t\t\t\t\t\t\t<\/div>\n\t\t<\/div>\n\t\t\t\t<div class=\"elementor-column elementor-col-100 elementor-top-column elementor-element elementor-element-7ab37798\" data-id=\"7ab37798\" data-element_type=\"column\" data-e-type=\"column\">\n\t\t\t<div class=\"elementor-widget-wrap elementor-element-populated\">\n\t\t\t\t\t\t<div class=\"elementor-element elementor-element-5a8ce45a elementor-widget elementor-widget-menu-anchor\" data-id=\"5a8ce45a\" data-element_type=\"widget\" data-e-type=\"widget\" data-widget_type=\"menu-anchor.default\">\n\t\t\t\t<div class=\"elementor-widget-container\">\n\t\t\t\t\t\t\t<div class=\"elementor-menu-anchor\" id=\"contacto\"><\/div>\n\t\t\t\t\t\t<\/div>\n\t\t\t\t<\/div>\n\t\t\t\t<div class=\"elementor-element elementor-element-2771ca04 elementor-widget elementor-widget-text-editor\" data-id=\"2771ca04\" data-element_type=\"widget\" data-e-type=\"widget\" data-widget_type=\"text-editor.default\">\n\t\t\t\t<div class=\"elementor-widget-container\">\n\t\t\t\t\t\t\t\t\t<h2 style=\"text-align: center;\"><span style=\"color: #ffffff;\">Es el moment de\u00a0<span style=\"color: #00c691;\">comen\u00e7ar<\/span> a canviar el m\u00f3n<\/span><\/h2>\n\t\t\t\t\t\t\t\t<\/div>\n\t\t\t\t<\/div>\n\t\t\t\t\t<\/div>\n\t\t<\/div>\n\t\t\t\t<div class=\"elementor-column elementor-col-8 elementor-top-column elementor-element elementor-element-60e1d2b9 elementor-hidden-tablet elementor-hidden-phone\" data-id=\"60e1d2b9\" data-element_type=\"column\" data-e-type=\"column\">\n\t\t\t<div class=\"elementor-widget-wrap\">\n\t\t\t\t\t\t\t<\/div>\n\t\t<\/div>\n\t\t\t\t\t<\/div>\n\t\t<\/section>\n\t\t\t\t<div class=\"elementor-element elementor-element-a7d7692 elementor-widget elementor-widget-vc_custom_heading\" data-id=\"a7d7692\" data-element_type=\"widget\" data-e-type=\"widget\" data-widget_type=\"vc_custom_heading.default\">\n\t\t\t\t<div class=\"elementor-widget-container\">\n\t\t\t\t\t<div class=\"vc_custom_heading  masterstudy_heading_font  text_align_center\" ><h4 style=\"font-size: 18px;color: #ffffff;text-align: center;line-height: 30px;font-weight:400\" class=\"masterstudy-custom-title\">Si est\u00e0s interessat en realitzar un curs o saber m\u00e9s sobre CARDIO60, contacta amb nosaltres:\n<\/h4><\/div>\t\t\t\t<\/div>\n\t\t\t\t<\/div>\n\t\t\t\t<div class=\"elementor-element elementor-element-564ecb4 elementor-widget elementor-widget-stm_contact_form_7\" data-id=\"564ecb4\" data-element_type=\"widget\" data-e-type=\"widget\" data-widget_type=\"stm_contact_form_7.default\">\n\t\t\t\t<div class=\"elementor-widget-container\">\n\t\t\t\t\t\n<div class=\"wpcf7 no-js\" id=\"wpcf7-f403-o1\" lang=\"en-US\" dir=\"ltr\" data-wpcf7-id=\"403\">\n<div class=\"screen-reader-response\"><p role=\"status\" aria-live=\"polite\" aria-atomic=\"true\"><\/p> <ul><\/ul><\/div>\n<form action=\"\/ca\/wp-json\/wp\/v2\/pages\/27581#wpcf7-f403-o1\" method=\"post\" class=\"wpcf7-form init\" aria-label=\"Contact form\" novalidate=\"novalidate\" data-status=\"init\" data-trp-original-action=\"\/ca\/wp-json\/wp\/v2\/pages\/27581#wpcf7-f403-o1\">\n<fieldset class=\"hidden-fields-container\"><input type=\"hidden\" name=\"_wpcf7\" value=\"403\" \/><input type=\"hidden\" name=\"_wpcf7_version\" value=\"6.1.5\" \/><input type=\"hidden\" name=\"_wpcf7_locale\" value=\"en_US\" \/><input type=\"hidden\" name=\"_wpcf7_unit_tag\" value=\"wpcf7-f403-o1\" \/><input type=\"hidden\" name=\"_wpcf7_container_post\" value=\"0\" \/><input type=\"hidden\" name=\"_wpcf7_posted_data_hash\" value=\"\" \/>\n<\/fieldset>\n<div class=\"row\">\n\t<div class=\"col-xs-12 col-sm-6 col-md-6 col-lg-6\">\n\t\t<div class=\"form-group\">\n\t\t\t<p><span class=\"wpcf7-form-control-wrap\" data-name=\"nombre\"><input size=\"40\" maxlength=\"400\" class=\"wpcf7-form-control wpcf7-text wpcf7-validates-as-required form-control\" aria-required=\"true\" aria-invalid=\"false\" placeholder=\"Nom*\" value=\"\" type=\"text\" name=\"nombre\" \/><\/span>\n\t\t\t<\/p>\n\t\t<\/div>\n\t<\/div>\n\t<div class=\"col-xs-12 col-sm-6 col-md-6 col-lg-6\">\n\t\t<div class=\"form-group\">\n\t\t\t<p><span class=\"wpcf7-form-control-wrap\" data-name=\"email\"><input size=\"40\" maxlength=\"400\" class=\"wpcf7-form-control wpcf7-email wpcf7-validates-as-required wpcf7-text wpcf7-validates-as-email form-control\" aria-required=\"true\" aria-invalid=\"false\" placeholder=\"Email*\" value=\"\" type=\"email\" name=\"email\" \/><\/span>\n\t\t\t<\/p>\n\t\t<\/div>\n\t<\/div>\n<\/div>\n<div class=\"row\">\n\t<div class=\"col-xs-12 col-sm-6 col-md-6 col-lg-6\">\n\t\t<div class=\"form-group\">\n\t\t\t<p><span class=\"wpcf7-form-control-wrap\" data-name=\"empresa\"><input size=\"40\" maxlength=\"400\" class=\"wpcf7-form-control wpcf7-text form-control\" aria-invalid=\"false\" placeholder=\"Empresa\" value=\"\" type=\"text\" name=\"empresa\" \/><\/span>\n\t\t\t<\/p>\n\t\t<\/div>\n\t<\/div>\n\t<div class=\"col-xs-12 col-sm-6 col-md-6 col-lg-6\">\n\t\t<div class=\"form-group\">\n\t\t\t<p><span class=\"wpcf7-form-control-wrap\" data-name=\"tel-742\"><input size=\"40\" maxlength=\"400\" class=\"wpcf7-form-control wpcf7-tel wpcf7-validates-as-required wpcf7-text wpcf7-validates-as-tel\" aria-required=\"true\" aria-invalid=\"false\" placeholder=\"Tel\u00e8fon*\" value=\"\" type=\"tel\" name=\"tel-742\" \/><\/span>\n\t\t\t<\/p>\n\t\t<\/div>\n\t<\/div>\n<\/div>\n<div class=\"row\">\n\t<div class=\"col-xs-12 col-sm-12 col-md-12 col-lg-12\">\n\t\t<div class=\"form-group\">\n\t\t\t<p><span class=\"wpcf7-form-control-wrap\" data-name=\"message\"><textarea cols=\"40\" rows=\"9\" maxlength=\"2000\" class=\"wpcf7-form-control wpcf7-textarea wpcf7-validates-as-required form-control\" aria-required=\"true\" aria-invalid=\"false\" placeholder=\"Missatge*\" name=\"message\"><\/textarea><\/span>\n\t\t\t<\/p>\n\t\t<\/div>\n\t<\/div>\n<\/div>\n<div class=\"row\">\n\t<div class=\"col-xs-12 col-sm-12 col-md-12 col-lg-12\">\n\t\t<p><span class=\"wpcf7-form-control-wrap\" data-name=\"acceptance-916\"><span class=\"wpcf7-form-control wpcf7-acceptance\"><span class=\"wpcf7-list-item\"><label><input type=\"checkbox\" name=\"acceptance-916\" value=\"1\" aria-invalid=\"false\" \/><span class=\"wpcf7-list-item-label\">He llegit i accepto la pol\u00edtica de privacitat<\/span><\/label><\/span><\/span><\/span><br \/>\n<input class=\"wpcf7-form-control wpcf7-submit has-spinner btn btn-default\" type=\"submit\" value=\"ENVIAR\" \/>\n\t\t<\/p>\n\t<\/div>\n<\/div><div class=\"wpcf7-response-output\" aria-hidden=\"true\"><\/div>\n<input type=\"hidden\" name=\"trp-form-language\" value=\"ca\"\/><\/form>\n<\/div>\n\t\t\t\t<\/div>\n\t\t\t\t<\/div>\n\t\t\t\t\t<\/div>\n\t\t<\/div>\n\t\t\t\t<div class=\"elementor-column elementor-col-25 elementor-top-column elementor-element elementor-element-31cca537\" data-id=\"31cca537\" data-element_type=\"column\" data-e-type=\"column\">\n\t\t\t<div class=\"elementor-widget-wrap\">\n\t\t\t\t\t\t\t<\/div>\n\t\t<\/div>\n\t\t\t\t\t<\/div>\n\t\t<\/section>\n\t\t\t\t<\/div>","protected":false},"excerpt":{"rendered":"<p>CURSO DE PRIMEROS AUXILIOS EN EL DEPORTE Una emergencia o un accidente no avisa previamente, por eso es muy importante tener unos conocimientos m\u00ednimos para socorrer a alguien\u00a0y ofrecerle la ayuda necesaria (que est\u00e9 en nuestras manos) hasta la llegada de los equipos de emergencias. Cabe recordar que el lugar y la hora tampoco son [&hellip;]<\/p>\n","protected":false},"author":3,"featured_media":27438,"parent":27113,"menu_order":3,"comment_status":"closed","ping_status":"closed","template":"","meta":{"inline_featured_image":false,"footnotes":""},"class_list":["post-27581","page","type-page","status-publish","has-post-thumbnail","hentry"],"_links":{"self":[{"href":"https:\/\/cardio60.com\/ca\/wp-json\/wp\/v2\/pages\/27581","targetHints":{"allow":["GET"]}}],"collection":[{"href":"https:\/\/cardio60.com\/ca\/wp-json\/wp\/v2\/pages"}],"about":[{"href":"https:\/\/cardio60.com\/ca\/wp-json\/wp\/v2\/types\/page"}],"author":[{"embeddable":true,"href":"https:\/\/cardio60.com\/ca\/wp-json\/wp\/v2\/users\/3"}],"replies":[{"embeddable":true,"href":"https:\/\/cardio60.com\/ca\/wp-json\/wp\/v2\/comments?post=27581"}],"version-history":[{"count":25,"href":"https:\/\/cardio60.com\/ca\/wp-json\/wp\/v2\/pages\/27581\/revisions"}],"predecessor-version":[{"id":27959,"href":"https:\/\/cardio60.com\/ca\/wp-json\/wp\/v2\/pages\/27581\/revisions\/27959"}],"up":[{"embeddable":true,"href":"https:\/\/cardio60.com\/ca\/wp-json\/wp\/v2\/pages\/27113"}],"wp:featuredmedia":[{"embeddable":true,"href":"https:\/\/cardio60.com\/ca\/wp-json\/wp\/v2\/media\/27438"}],"wp:attachment":[{"href":"https:\/\/cardio60.com\/ca\/wp-json\/wp\/v2\/media?parent=27581"}],"curies":[{"name":"wp","href":"https:\/\/api.w.org\/{rel}","templated":true}]}}