{"id":27560,"date":"2024-05-07T16:02:28","date_gmt":"2024-05-07T14:02:28","guid":{"rendered":"https:\/\/cardio60.com\/?page_id=27560"},"modified":"2024-10-05T06:54:53","modified_gmt":"2024-10-05T04:54:53","slug":"curso-de-primeros-auxilios-en-el-ambito-laboral","status":"publish","type":"page","link":"https:\/\/cardio60.com\/ca\/cursos\/curso-de-primeros-auxilios-en-el-ambito-laboral\/","title":{"rendered":"CURS DE PRIMERS AUXILIS EN L\u2019\u00c0MBIT LABORAL"},"content":{"rendered":"<div data-elementor-type=\"wp-page\" data-elementor-id=\"27560\" class=\"elementor elementor-27560\">\n\t\t\t\t\t\t<section class=\"elementor-section elementor-top-section elementor-element elementor-element-70db3037 elementor-section-stretched elementor-section-boxed elementor-section-height-default elementor-section-height-default\" data-id=\"70db3037\" data-element_type=\"section\" data-e-type=\"section\" data-settings=\"{&quot;background_background&quot;:&quot;classic&quot;,&quot;stretch_section&quot;:&quot;section-stretched&quot;}\">\n\t\t\t\t\t\t<div class=\"elementor-container elementor-column-gap-default\">\n\t\t\t\t\t<div class=\"elementor-column elementor-col-50 elementor-top-column elementor-element elementor-element-3ed5eb2\" data-id=\"3ed5eb2\" data-element_type=\"column\" data-e-type=\"column\">\n\t\t\t<div class=\"elementor-widget-wrap elementor-element-populated\">\n\t\t\t\t\t\t<div class=\"elementor-element elementor-element-45ecdbc2 elementor-widget elementor-widget-heading\" data-id=\"45ecdbc2\" data-element_type=\"widget\" data-e-type=\"widget\" data-widget_type=\"heading.default\">\n\t\t\t\t<div class=\"elementor-widget-container\">\n\t\t\t\t\t<h1 class=\"elementor-heading-title elementor-size-default\">CURS DE PRIMERS AUXILIS EN L\u2019\u00c0MBIT LABORAL<\/h1>\t\t\t\t<\/div>\n\t\t\t\t<\/div>\n\t\t\t\t<div class=\"elementor-element elementor-element-83acbeb elementor-widget elementor-widget-text-editor\" data-id=\"83acbeb\" data-element_type=\"widget\" data-e-type=\"widget\" data-widget_type=\"text-editor.default\">\n\t\t\t\t<div class=\"elementor-widget-container\">\n\t\t\t\t\t\t\t\t\t<div class=\"stm_lms_udemy_bar\">\n<div class=\"stm_lms_udemy_headline\">\n<p>Els accidents laborals s\u00f3n bastant freq\u00fcents degut a la gran quantitat d\u2019hores que la gent passa al seu lloc de treball, per aquesta ra\u00f3 \u00e9s imprescindible estar format en Primers Auxilis, per a poder ajudar a un\/a company\/a de feina abans de l\u2019arribada del servei d\u2019emerg\u00e8ncies.<\/p>\n<\/div>\n<\/div>\n\t\t\t\t\t\t\t\t<\/div>\n\t\t\t\t<\/div>\n\t\t\t\t\t<\/div>\n\t\t<\/div>\n\t\t\t\t<div class=\"elementor-column elementor-col-50 elementor-top-column elementor-element elementor-element-43c8bcea\" data-id=\"43c8bcea\" data-element_type=\"column\" data-e-type=\"column\" data-settings=\"{&quot;background_background&quot;:&quot;classic&quot;}\">\n\t\t\t<div class=\"elementor-widget-wrap elementor-element-populated\">\n\t\t\t\t\t\t<div class=\"elementor-element elementor-element-4614edc2 elementor-widget elementor-widget-image\" data-id=\"4614edc2\" data-element_type=\"widget\" data-e-type=\"widget\" data-widget_type=\"image.default\">\n\t\t\t\t<div class=\"elementor-widget-container\">\n\t\t\t\t\t\t\t\t\t\t\t\t\t\t\t<img fetchpriority=\"high\" decoding=\"async\" width=\"1024\" height=\"640\" src=\"https:\/\/cardio60.com\/wp-content\/uploads\/2024\/04\/cardio60-formacion-primeros-auxilios-1024x640.png\" class=\"attachment-large size-large wp-image-27311\" alt=\"\" srcset=\"https:\/\/cardio60.com\/wp-content\/uploads\/2024\/04\/cardio60-formacion-primeros-auxilios-1024x640.png 1024w, https:\/\/cardio60.com\/wp-content\/uploads\/2024\/04\/cardio60-formacion-primeros-auxilios-600x375.png 600w, https:\/\/cardio60.com\/wp-content\/uploads\/2024\/04\/cardio60-formacion-primeros-auxilios-300x188.png 300w, https:\/\/cardio60.com\/wp-content\/uploads\/2024\/04\/cardio60-formacion-primeros-auxilios-768x480.png 768w, https:\/\/cardio60.com\/wp-content\/uploads\/2024\/04\/cardio60-formacion-primeros-auxilios-1279x799.png 1279w, https:\/\/cardio60.com\/wp-content\/uploads\/2024\/04\/cardio60-formacion-primeros-auxilios-18x12.png 18w, https:\/\/cardio60.com\/wp-content\/uploads\/2024\/04\/cardio60-formacion-primeros-auxilios-296x185.png 296w, https:\/\/cardio60.com\/wp-content\/uploads\/2024\/04\/cardio60-formacion-primeros-auxilios.png 1280w\" sizes=\"(max-width: 1024px) 100vw, 1024px\" \/>\t\t\t\t\t\t\t\t\t\t\t\t\t\t\t<\/div>\n\t\t\t\t<\/div>\n\t\t\t\t\t<\/div>\n\t\t<\/div>\n\t\t\t\t\t<\/div>\n\t\t<\/section>\n\t\t\t\t<section class=\"elementor-section elementor-top-section elementor-element elementor-element-22b5f3d5 elementor-section-stretched elementor-section-boxed elementor-section-height-default elementor-section-height-default\" data-id=\"22b5f3d5\" data-element_type=\"section\" data-e-type=\"section\" data-settings=\"{&quot;background_background&quot;:&quot;classic&quot;,&quot;stretch_section&quot;:&quot;section-stretched&quot;}\">\n\t\t\t\t\t\t<div class=\"elementor-container elementor-column-gap-default\">\n\t\t\t\t\t<div class=\"elementor-column elementor-col-50 elementor-top-column elementor-element elementor-element-26a4d2ca\" data-id=\"26a4d2ca\" data-element_type=\"column\" data-e-type=\"column\" data-settings=\"{&quot;background_background&quot;:&quot;classic&quot;}\">\n\t\t\t<div class=\"elementor-widget-wrap elementor-element-populated\">\n\t\t\t\t\t\t<div class=\"elementor-element elementor-element-3fd46b9e elementor-widget elementor-widget-text-editor\" data-id=\"3fd46b9e\" data-element_type=\"widget\" data-e-type=\"widget\" data-widget_type=\"text-editor.default\">\n\t\t\t\t<div class=\"elementor-widget-container\">\n\t\t\t\t\t\t\t\t\t<p><span style=\"font-weight: 400;\">Una emerg\u00e8ncia o un accident no avisa pr\u00e8viament, per aix\u00f2 \u00e9s molt important <\/span><b>tenir uns coneixements m\u00ednims per a soc\u00f2rrer a alg\u00fa<\/b><span style=\"font-weight: 400;\">\u00a0i oferir-li l\u2019ajuda necess\u00e0ria (que estigui a les nostres mansa) fins a l\u2019arribada dels equips d\u2019emerg\u00e8ncies. S\u2019ha de tenir en compte que el lloc i l\u2019hora tampoc s\u00f3n escollits per la v\u00edctima, per aquesta ra\u00f3 \u00e9s habitual trobar-se davant de la parella, familiars i amics.<\/span> <span style=\"font-weight: 400;\">\u00c9s important recordar que el temps compta i que, moltes vegades, juga en contra de la v\u00edctima. Entre d\u2019altres temes (i sempre adaptat a les necessitats dels alumnes del curs en q\u00fcesti\u00f3), al curs de Primers auxilis en l\u2019\u00c0mbit Laboral es tracten:<\/span><\/p>\n<ul>\n<li><span style=\"font-weight: 400;\">Atenci\u00f3 davant d\u2019una ferida o hemorr\u00e0gia<\/span><\/li>\n<li><span style=\"font-weight: 400;\">Atenci\u00f3 davant la p\u00e8rdua de consci\u00e8ncia de manera brusca.\u00a0<\/span><\/li>\n<li><span style=\"font-weight: 400;\">Actuaci\u00f3 davant de patologies temps\/dependents (ictus, infart), \u00e9s a dir, la superviv\u00e8ncia disminueix a mida que passen els minuts.<\/span><\/li>\n<li><span style=\"font-weight: 400;\">Actuaci\u00f3 davant de contusions, traumatismes o ferides penetrants.\u00a0<\/span><\/li>\n<li><span style=\"font-weight: 400;\">Prevenci\u00f3 davant de patologies musculoesquel\u00e8tiques per fatiga.\u00a0<\/span><\/li>\n<li><span style=\"font-weight: 400;\">Prevenci\u00f3 davant de patologies cr\u00f2niques.\u00a0<\/span><\/li>\n<\/ul>\n<p><span style=\"font-weight: 400;\">Els instructors de CARDIO60 consideren que els primers auxilis haurien de ser una formaci\u00f3 obligat\u00f2ria (ja a l\u2019escola) per a totes les persones i garantitzar aix\u00ed una ajuda necess\u00e0ria sense arribar a causar m\u00e9s lesions que les ja produ\u00efdes.<\/span><\/p>\n\t\t\t\t\t\t\t\t<\/div>\n\t\t\t\t<\/div>\n\t\t\t\t\t<\/div>\n\t\t<\/div>\n\t\t\t\t<div class=\"elementor-column elementor-col-50 elementor-top-column elementor-element elementor-element-2de1652a\" data-id=\"2de1652a\" data-element_type=\"column\" data-e-type=\"column\" data-settings=\"{&quot;background_background&quot;:&quot;classic&quot;}\">\n\t\t\t<div class=\"elementor-widget-wrap elementor-element-populated\">\n\t\t\t\t\t\t<div class=\"elementor-element elementor-element-11397c96 elementor-align-center elementor-widget elementor-widget-button\" data-id=\"11397c96\" data-element_type=\"widget\" data-e-type=\"widget\" data-widget_type=\"button.default\">\n\t\t\t\t<div class=\"elementor-widget-container\">\n\t\t\t\t\t\t\t\t\t<div class=\"elementor-button-wrapper icon_align_\">\n\t\t\t\t\t<a class=\"elementor-button elementor-button-link elementor-size-sm\" href=\"#contacto\">\n\t\t\t\t\t\t<span class=\"elementor-button-content-wrapper\">\n\t\t\t\t\t\t\t\t\t<span class=\"elementor-button-text\">VULL INFORMACI\u00d3<\/span>\n\t\t\t\t\t<\/span>\n\t\t\t\t\t<\/a>\n\t\t\t\t<\/div>\n\t\t\t\t\t\t\t\t<\/div>\n\t\t\t\t<\/div>\n\t\t\t\t\t<\/div>\n\t\t<\/div>\n\t\t\t\t\t<\/div>\n\t\t<\/section>\n\t\t<div class=\"elementor-element elementor-element-0d88cac e-flex e-con-boxed e-con e-parent\" data-id=\"0d88cac\" data-element_type=\"container\" data-e-type=\"container\">\n\t\t\t\t\t<div class=\"e-con-inner\">\n\t\t\t\t<div class=\"elementor-element elementor-element-f616726 elementor-widget elementor-widget-heading\" data-id=\"f616726\" data-element_type=\"widget\" data-e-type=\"widget\" data-widget_type=\"heading.default\">\n\t\t\t\t<div class=\"elementor-widget-container\">\n\t\t\t\t\t<h3 class=\"elementor-heading-title elementor-size-default\">Altres cursos que podrien interessar-te\u2026<\/h3>\t\t\t\t<\/div>\n\t\t\t\t<\/div>\n\t\t\t\t\t<\/div>\n\t\t\t\t<\/div>\n\t\t<div class=\"elementor-element elementor-element-38e8857 e-grid e-con-boxed e-con e-parent\" data-id=\"38e8857\" data-element_type=\"container\" data-e-type=\"container\">\n\t\t\t\t\t<div class=\"e-con-inner\">\n\t\t\t\t<div class=\"elementor-element elementor-element-eb4bc67 elementor-widget elementor-widget-image\" data-id=\"eb4bc67\" data-element_type=\"widget\" data-e-type=\"widget\" data-widget_type=\"image.default\">\n\t\t\t\t<div class=\"elementor-widget-container\">\n\t\t\t\t\t\t\t\t\t\t\t\t<figure class=\"wp-caption\">\n\t\t\t\t\t\t\t\t\t\t\t<a href=\"https:\/\/cardio60.com\/ca\/cursos\/curso-de-soporte-vital-basico-y-desfibrilacion-semiautomatica\/\">\n\t\t\t\t\t\t\t<img decoding=\"async\" width=\"1024\" height=\"640\" src=\"https:\/\/cardio60.com\/wp-content\/uploads\/2024\/04\/formacion-rcp-iti-girona-2018-1-1024x640.jpg\" class=\"attachment-large size-large wp-image-27390\" alt=\"\" srcset=\"https:\/\/cardio60.com\/wp-content\/uploads\/2024\/04\/formacion-rcp-iti-girona-2018-1-1024x640.jpg 1024w, https:\/\/cardio60.com\/wp-content\/uploads\/2024\/04\/formacion-rcp-iti-girona-2018-1-300x188.jpg 300w, https:\/\/cardio60.com\/wp-content\/uploads\/2024\/04\/formacion-rcp-iti-girona-2018-1-768x480.jpg 768w, https:\/\/cardio60.com\/wp-content\/uploads\/2024\/04\/formacion-rcp-iti-girona-2018-1-600x375.jpg 600w, https:\/\/cardio60.com\/wp-content\/uploads\/2024\/04\/formacion-rcp-iti-girona-2018-1-18x12.jpg 18w, https:\/\/cardio60.com\/wp-content\/uploads\/2024\/04\/formacion-rcp-iti-girona-2018-1.jpg 1280w\" sizes=\"(max-width: 1024px) 100vw, 1024px\" \/>\t\t\t\t\t\t\t\t<\/a>\n\t\t\t\t\t\t\t\t\t\t\t<figcaption class=\"widget-image-caption wp-caption-text\">CURS DE SUPORT VITAL B\u00c0SIC I DESFIBRIL\u00b7LACI\u00d3 AUTOM\u00c0TICA<\/figcaption>\n\t\t\t\t\t\t\t\t\t\t<\/figure>\n\t\t\t\t\t\t\t\t\t<\/div>\n\t\t\t\t<\/div>\n\t\t\t\t<div class=\"elementor-element elementor-element-99ec07c elementor-widget elementor-widget-image\" data-id=\"99ec07c\" data-element_type=\"widget\" data-e-type=\"widget\" data-widget_type=\"image.default\">\n\t\t\t\t<div class=\"elementor-widget-container\">\n\t\t\t\t\t\t\t\t\t\t\t\t<figure class=\"wp-caption\">\n\t\t\t\t\t\t\t\t\t\t\t<a href=\"https:\/\/cardio60.com\/ca\/cursos\/curso-de-primeros-auxilios-en-el-deporte\/\">\n\t\t\t\t\t\t\t<img decoding=\"async\" width=\"1024\" height=\"640\" src=\"https:\/\/cardio60.com\/wp-content\/uploads\/2024\/04\/cardio60-curso-primeros-auxilios-deporte-1024x640.jpg\" class=\"attachment-large size-large wp-image-27438\" alt=\"\" srcset=\"https:\/\/cardio60.com\/wp-content\/uploads\/2024\/04\/cardio60-curso-primeros-auxilios-deporte-1024x640.jpg 1024w, https:\/\/cardio60.com\/wp-content\/uploads\/2024\/04\/cardio60-curso-primeros-auxilios-deporte-300x188.jpg 300w, https:\/\/cardio60.com\/wp-content\/uploads\/2024\/04\/cardio60-curso-primeros-auxilios-deporte-768x480.jpg 768w, https:\/\/cardio60.com\/wp-content\/uploads\/2024\/04\/cardio60-curso-primeros-auxilios-deporte-600x375.jpg 600w, https:\/\/cardio60.com\/wp-content\/uploads\/2024\/04\/cardio60-curso-primeros-auxilios-deporte-1279x799.jpg 1279w, https:\/\/cardio60.com\/wp-content\/uploads\/2024\/04\/cardio60-curso-primeros-auxilios-deporte-18x12.jpg 18w, https:\/\/cardio60.com\/wp-content\/uploads\/2024\/04\/cardio60-curso-primeros-auxilios-deporte-296x185.jpg 296w, https:\/\/cardio60.com\/wp-content\/uploads\/2024\/04\/cardio60-curso-primeros-auxilios-deporte.jpg 1280w\" sizes=\"(max-width: 1024px) 100vw, 1024px\" \/>\t\t\t\t\t\t\t\t<\/a>\n\t\t\t\t\t\t\t\t\t\t\t<figcaption class=\"widget-image-caption wp-caption-text\">CURS DE PRIMERS AUXILIS A L\u2019ESPORT<\/figcaption>\n\t\t\t\t\t\t\t\t\t\t<\/figure>\n\t\t\t\t\t\t\t\t\t<\/div>\n\t\t\t\t<\/div>\n\t\t\t\t\t<\/div>\n\t\t\t\t<\/div>\n\t\t\t\t<section class=\"elementor-section elementor-top-section elementor-element elementor-element-4a7dc060 elementor-section-stretched elementor-section-boxed elementor-section-height-default elementor-section-height-default\" data-id=\"4a7dc060\" data-element_type=\"section\" data-e-type=\"section\" data-settings=\"{&quot;background_background&quot;:&quot;classic&quot;,&quot;stretch_section&quot;:&quot;section-stretched&quot;}\">\n\t\t\t\t\t\t\t<div class=\"elementor-background-overlay\"><\/div>\n\t\t\t\t\t\t\t<div class=\"elementor-container elementor-column-gap-default\">\n\t\t\t\t\t<div class=\"elementor-column elementor-col-25 elementor-top-column elementor-element elementor-element-506e8dea\" data-id=\"506e8dea\" data-element_type=\"column\" data-e-type=\"column\">\n\t\t\t<div class=\"elementor-widget-wrap\">\n\t\t\t\t\t\t\t<\/div>\n\t\t<\/div>\n\t\t\t\t<div class=\"elementor-column elementor-col-50 elementor-top-column elementor-element elementor-element-4a21f1da\" data-id=\"4a21f1da\" data-element_type=\"column\" data-e-type=\"column\">\n\t\t\t<div class=\"elementor-widget-wrap elementor-element-populated\">\n\t\t\t\t\t\t<section class=\"elementor-section elementor-top-section elementor-element elementor-element-39dcbcf2 elementor-section-boxed elementor-section-height-default elementor-section-height-default\" data-id=\"39dcbcf2\" data-element_type=\"section\" data-e-type=\"section\" data-settings=\"{&quot;background_background&quot;:&quot;classic&quot;}\">\n\t\t\t\t\t\t<div class=\"elementor-container elementor-column-gap-default\">\n\t\t\t\t\t<div class=\"elementor-column elementor-col-8 elementor-top-column elementor-element elementor-element-5a1d75ef elementor-hidden-tablet elementor-hidden-phone\" data-id=\"5a1d75ef\" data-element_type=\"column\" data-e-type=\"column\">\n\t\t\t<div class=\"elementor-widget-wrap\">\n\t\t\t\t\t\t\t<\/div>\n\t\t<\/div>\n\t\t\t\t<div class=\"elementor-column elementor-col-100 elementor-top-column elementor-element elementor-element-dd2ede9\" data-id=\"dd2ede9\" data-element_type=\"column\" data-e-type=\"column\">\n\t\t\t<div class=\"elementor-widget-wrap elementor-element-populated\">\n\t\t\t\t\t\t<div class=\"elementor-element elementor-element-4ac3c50 elementor-widget elementor-widget-menu-anchor\" data-id=\"4ac3c50\" data-element_type=\"widget\" data-e-type=\"widget\" data-widget_type=\"menu-anchor.default\">\n\t\t\t\t<div class=\"elementor-widget-container\">\n\t\t\t\t\t\t\t<div class=\"elementor-menu-anchor\" id=\"contacto\"><\/div>\n\t\t\t\t\t\t<\/div>\n\t\t\t\t<\/div>\n\t\t\t\t<div class=\"elementor-element elementor-element-5bc129a elementor-widget elementor-widget-text-editor\" data-id=\"5bc129a\" data-element_type=\"widget\" data-e-type=\"widget\" data-widget_type=\"text-editor.default\">\n\t\t\t\t<div class=\"elementor-widget-container\">\n\t\t\t\t\t\t\t\t\t<h2 style=\"text-align: center;\"><span style=\"color: #ffffff;\">Es el moment de\u00a0<span style=\"color: #00c691;\">comen\u00e7ar<\/span> a canviar el m\u00f3n<\/span><\/h2>\n\t\t\t\t\t\t\t\t<\/div>\n\t\t\t\t<\/div>\n\t\t\t\t\t<\/div>\n\t\t<\/div>\n\t\t\t\t<div class=\"elementor-column elementor-col-8 elementor-top-column elementor-element elementor-element-b5a4685 elementor-hidden-tablet elementor-hidden-phone\" data-id=\"b5a4685\" data-element_type=\"column\" data-e-type=\"column\">\n\t\t\t<div class=\"elementor-widget-wrap\">\n\t\t\t\t\t\t\t<\/div>\n\t\t<\/div>\n\t\t\t\t\t<\/div>\n\t\t<\/section>\n\t\t\t\t<div class=\"elementor-element elementor-element-5a962fe5 elementor-widget elementor-widget-vc_custom_heading\" data-id=\"5a962fe5\" data-element_type=\"widget\" data-e-type=\"widget\" data-widget_type=\"vc_custom_heading.default\">\n\t\t\t\t<div class=\"elementor-widget-container\">\n\t\t\t\t\t<div class=\"vc_custom_heading  masterstudy_heading_font  text_align_center\" ><h4 style=\"font-size: 18px;color: #ffffff;text-align: center;line-height: 30px;font-weight:400\" class=\"masterstudy-custom-title\">Si est\u00e0s interessat en realitzar un curs o saber m\u00e9s sobre CARDIO60, contacta amb nosaltres:\n<\/h4><\/div>\t\t\t\t<\/div>\n\t\t\t\t<\/div>\n\t\t\t\t<div class=\"elementor-element elementor-element-6b6fd4c5 elementor-widget elementor-widget-stm_contact_form_7\" data-id=\"6b6fd4c5\" data-element_type=\"widget\" data-e-type=\"widget\" data-widget_type=\"stm_contact_form_7.default\">\n\t\t\t\t<div class=\"elementor-widget-container\">\n\t\t\t\t\t\n<div class=\"wpcf7 no-js\" id=\"wpcf7-f403-o1\" lang=\"en-US\" dir=\"ltr\" data-wpcf7-id=\"403\">\n<div class=\"screen-reader-response\"><p role=\"status\" aria-live=\"polite\" aria-atomic=\"true\"><\/p> <ul><\/ul><\/div>\n<form action=\"\/ca\/wp-json\/wp\/v2\/pages\/27560#wpcf7-f403-o1\" method=\"post\" class=\"wpcf7-form init\" aria-label=\"Contact form\" novalidate=\"novalidate\" data-status=\"init\" data-trp-original-action=\"\/ca\/wp-json\/wp\/v2\/pages\/27560#wpcf7-f403-o1\">\n<fieldset class=\"hidden-fields-container\"><input type=\"hidden\" name=\"_wpcf7\" value=\"403\" \/><input type=\"hidden\" name=\"_wpcf7_version\" value=\"6.1.5\" \/><input type=\"hidden\" name=\"_wpcf7_locale\" value=\"en_US\" \/><input type=\"hidden\" name=\"_wpcf7_unit_tag\" value=\"wpcf7-f403-o1\" \/><input type=\"hidden\" name=\"_wpcf7_container_post\" value=\"0\" \/><input type=\"hidden\" name=\"_wpcf7_posted_data_hash\" value=\"\" \/>\n<\/fieldset>\n<div class=\"row\">\n\t<div class=\"col-xs-12 col-sm-6 col-md-6 col-lg-6\">\n\t\t<div class=\"form-group\">\n\t\t\t<p><span class=\"wpcf7-form-control-wrap\" data-name=\"nombre\"><input size=\"40\" maxlength=\"400\" class=\"wpcf7-form-control wpcf7-text wpcf7-validates-as-required form-control\" aria-required=\"true\" aria-invalid=\"false\" placeholder=\"Nom*\" value=\"\" type=\"text\" name=\"nombre\" \/><\/span>\n\t\t\t<\/p>\n\t\t<\/div>\n\t<\/div>\n\t<div class=\"col-xs-12 col-sm-6 col-md-6 col-lg-6\">\n\t\t<div class=\"form-group\">\n\t\t\t<p><span class=\"wpcf7-form-control-wrap\" data-name=\"email\"><input size=\"40\" maxlength=\"400\" class=\"wpcf7-form-control wpcf7-email wpcf7-validates-as-required wpcf7-text wpcf7-validates-as-email form-control\" aria-required=\"true\" aria-invalid=\"false\" placeholder=\"Email*\" value=\"\" type=\"email\" name=\"email\" \/><\/span>\n\t\t\t<\/p>\n\t\t<\/div>\n\t<\/div>\n<\/div>\n<div class=\"row\">\n\t<div class=\"col-xs-12 col-sm-6 col-md-6 col-lg-6\">\n\t\t<div class=\"form-group\">\n\t\t\t<p><span class=\"wpcf7-form-control-wrap\" data-name=\"empresa\"><input size=\"40\" maxlength=\"400\" class=\"wpcf7-form-control wpcf7-text form-control\" aria-invalid=\"false\" placeholder=\"Empresa\" value=\"\" type=\"text\" name=\"empresa\" \/><\/span>\n\t\t\t<\/p>\n\t\t<\/div>\n\t<\/div>\n\t<div class=\"col-xs-12 col-sm-6 col-md-6 col-lg-6\">\n\t\t<div class=\"form-group\">\n\t\t\t<p><span class=\"wpcf7-form-control-wrap\" data-name=\"tel-742\"><input size=\"40\" maxlength=\"400\" class=\"wpcf7-form-control wpcf7-tel wpcf7-validates-as-required wpcf7-text wpcf7-validates-as-tel\" aria-required=\"true\" aria-invalid=\"false\" placeholder=\"Tel\u00e8fon*\" value=\"\" type=\"tel\" name=\"tel-742\" \/><\/span>\n\t\t\t<\/p>\n\t\t<\/div>\n\t<\/div>\n<\/div>\n<div class=\"row\">\n\t<div class=\"col-xs-12 col-sm-12 col-md-12 col-lg-12\">\n\t\t<div class=\"form-group\">\n\t\t\t<p><span class=\"wpcf7-form-control-wrap\" data-name=\"message\"><textarea cols=\"40\" rows=\"9\" maxlength=\"2000\" class=\"wpcf7-form-control wpcf7-textarea wpcf7-validates-as-required form-control\" aria-required=\"true\" aria-invalid=\"false\" placeholder=\"Missatge*\" name=\"message\"><\/textarea><\/span>\n\t\t\t<\/p>\n\t\t<\/div>\n\t<\/div>\n<\/div>\n<div class=\"row\">\n\t<div class=\"col-xs-12 col-sm-12 col-md-12 col-lg-12\">\n\t\t<p><span class=\"wpcf7-form-control-wrap\" data-name=\"acceptance-916\"><span class=\"wpcf7-form-control wpcf7-acceptance\"><span class=\"wpcf7-list-item\"><label><input type=\"checkbox\" name=\"acceptance-916\" value=\"1\" aria-invalid=\"false\" \/><span class=\"wpcf7-list-item-label\">He llegit i accepto la pol\u00edtica de privacitat<\/span><\/label><\/span><\/span><\/span><br \/>\n<input class=\"wpcf7-form-control wpcf7-submit has-spinner btn btn-default\" type=\"submit\" value=\"ENVIAR\" \/>\n\t\t<\/p>\n\t<\/div>\n<\/div><div class=\"wpcf7-response-output\" aria-hidden=\"true\"><\/div>\n<input type=\"hidden\" name=\"trp-form-language\" value=\"ca\"\/><\/form>\n<\/div>\n\t\t\t\t<\/div>\n\t\t\t\t<\/div>\n\t\t\t\t\t<\/div>\n\t\t<\/div>\n\t\t\t\t<div class=\"elementor-column elementor-col-25 elementor-top-column elementor-element elementor-element-1f565edd\" data-id=\"1f565edd\" data-element_type=\"column\" data-e-type=\"column\">\n\t\t\t<div class=\"elementor-widget-wrap\">\n\t\t\t\t\t\t\t<\/div>\n\t\t<\/div>\n\t\t\t\t\t<\/div>\n\t\t<\/section>\n\t\t\t\t<\/div>","protected":false},"excerpt":{"rendered":"<p>CURSO DE PRIMEROS AUXILIOS EN EL \u00c1MBITO LABORAL Los accidentes laborales son bastante frecuentes debido a la gran cantidad de horas que la gente pasa en su puesto de trabajo, por esa raz\u00f3n es imprescindible estar formado en Primeros Auxilios para poder ayudar a un compa\u00f1ero\/a de trabajo antes de la llegada del servicio de [&hellip;]<\/p>\n","protected":false},"author":3,"featured_media":27311,"parent":27113,"menu_order":2,"comment_status":"closed","ping_status":"closed","template":"","meta":{"inline_featured_image":false,"footnotes":""},"class_list":["post-27560","page","type-page","status-publish","has-post-thumbnail","hentry"],"_links":{"self":[{"href":"https:\/\/cardio60.com\/ca\/wp-json\/wp\/v2\/pages\/27560","targetHints":{"allow":["GET"]}}],"collection":[{"href":"https:\/\/cardio60.com\/ca\/wp-json\/wp\/v2\/pages"}],"about":[{"href":"https:\/\/cardio60.com\/ca\/wp-json\/wp\/v2\/types\/page"}],"author":[{"embeddable":true,"href":"https:\/\/cardio60.com\/ca\/wp-json\/wp\/v2\/users\/3"}],"replies":[{"embeddable":true,"href":"https:\/\/cardio60.com\/ca\/wp-json\/wp\/v2\/comments?post=27560"}],"version-history":[{"count":34,"href":"https:\/\/cardio60.com\/ca\/wp-json\/wp\/v2\/pages\/27560\/revisions"}],"predecessor-version":[{"id":27952,"href":"https:\/\/cardio60.com\/ca\/wp-json\/wp\/v2\/pages\/27560\/revisions\/27952"}],"up":[{"embeddable":true,"href":"https:\/\/cardio60.com\/ca\/wp-json\/wp\/v2\/pages\/27113"}],"wp:featuredmedia":[{"embeddable":true,"href":"https:\/\/cardio60.com\/ca\/wp-json\/wp\/v2\/media\/27311"}],"wp:attachment":[{"href":"https:\/\/cardio60.com\/ca\/wp-json\/wp\/v2\/media?parent=27560"}],"curies":[{"name":"wp","href":"https:\/\/api.w.org\/{rel}","templated":true}]}}