{"id":27487,"date":"2024-05-06T18:59:37","date_gmt":"2024-05-06T16:59:37","guid":{"rendered":"https:\/\/cardio60.com\/?page_id=27487"},"modified":"2024-05-07T17:08:20","modified_gmt":"2024-05-07T15:08:20","slug":"curso-de-soporte-vital-basico-y-desfibrilacion-semiautomatica","status":"publish","type":"page","link":"https:\/\/cardio60.com\/ca\/cursos\/curso-de-soporte-vital-basico-y-desfibrilacion-semiautomatica\/","title":{"rendered":"CURS DE SUPORT VITAL B\u00c0SIC I DESFIBRIL\u00b7LACI\u00d3 AUTOM\u00c0TICA"},"content":{"rendered":"<div data-elementor-type=\"wp-page\" data-elementor-id=\"27487\" class=\"elementor elementor-27487\">\n\t\t\t\t\t\t<section class=\"elementor-section elementor-top-section elementor-element elementor-element-5c80d37e elementor-section-stretched elementor-section-boxed elementor-section-height-default elementor-section-height-default\" data-id=\"5c80d37e\" data-element_type=\"section\" data-e-type=\"section\" data-settings=\"{&quot;background_background&quot;:&quot;classic&quot;,&quot;stretch_section&quot;:&quot;section-stretched&quot;}\">\n\t\t\t\t\t\t<div class=\"elementor-container elementor-column-gap-default\">\n\t\t\t\t\t<div class=\"elementor-column elementor-col-50 elementor-top-column elementor-element elementor-element-12780c6\" data-id=\"12780c6\" data-element_type=\"column\" data-e-type=\"column\">\n\t\t\t<div class=\"elementor-widget-wrap elementor-element-populated\">\n\t\t\t\t\t\t<div class=\"elementor-element elementor-element-303fce5 elementor-widget elementor-widget-heading\" data-id=\"303fce5\" data-element_type=\"widget\" data-e-type=\"widget\" data-widget_type=\"heading.default\">\n\t\t\t\t<div class=\"elementor-widget-container\">\n\t\t\t\t\t<h1 class=\"elementor-heading-title elementor-size-default\">CURS DE SUPORT VITAL B\u00c0SIC I DESFIBRIL\u00b7LACI\u00d3 AUTOM\u00c0TICA<\/h1>\t\t\t\t<\/div>\n\t\t\t\t<\/div>\n\t\t\t\t<div class=\"elementor-element elementor-element-9662a04 elementor-widget elementor-widget-text-editor\" data-id=\"9662a04\" data-element_type=\"widget\" data-e-type=\"widget\" data-widget_type=\"text-editor.default\">\n\t\t\t\t<div class=\"elementor-widget-container\">\n\t\t\t\t\t\t\t\t\t<div class=\"stm_lms_udemy_bar\">\n<div class=\"stm_lms_udemy_headline\">\n<p>Al nostre pa\u00eds, actualment hi ha 50.000 parades card\u00edaques a l\u2019any, de les quals 45.000 acaben en mort. CARDIO60 ofereix la capacitaci\u00f3 en habilitats de Reanimaci\u00f3 Cardiopulmonar i la utilitzaci\u00f3 de desfibril\u00b7ladors.<\/p>\n<\/div>\n<\/div>\n\t\t\t\t\t\t\t\t<\/div>\n\t\t\t\t<\/div>\n\t\t\t\t\t<\/div>\n\t\t<\/div>\n\t\t\t\t<div class=\"elementor-column elementor-col-50 elementor-top-column elementor-element elementor-element-8755c78\" data-id=\"8755c78\" data-element_type=\"column\" data-e-type=\"column\" data-settings=\"{&quot;background_background&quot;:&quot;classic&quot;}\">\n\t\t\t<div class=\"elementor-widget-wrap elementor-element-populated\">\n\t\t\t\t\t\t<div class=\"elementor-element elementor-element-1f9522b elementor-widget elementor-widget-image\" data-id=\"1f9522b\" data-element_type=\"widget\" data-e-type=\"widget\" data-widget_type=\"image.default\">\n\t\t\t\t<div class=\"elementor-widget-container\">\n\t\t\t\t\t\t\t\t\t\t\t\t\t\t\t<img fetchpriority=\"high\" decoding=\"async\" width=\"1024\" height=\"640\" src=\"https:\/\/cardio60.com\/wp-content\/uploads\/2024\/04\/formacion-rcp-iti-girona-2018-1-1024x640.jpg\" class=\"attachment-large size-large wp-image-27390\" alt=\"\" srcset=\"https:\/\/cardio60.com\/wp-content\/uploads\/2024\/04\/formacion-rcp-iti-girona-2018-1-1024x640.jpg 1024w, https:\/\/cardio60.com\/wp-content\/uploads\/2024\/04\/formacion-rcp-iti-girona-2018-1-300x188.jpg 300w, https:\/\/cardio60.com\/wp-content\/uploads\/2024\/04\/formacion-rcp-iti-girona-2018-1-768x480.jpg 768w, https:\/\/cardio60.com\/wp-content\/uploads\/2024\/04\/formacion-rcp-iti-girona-2018-1-600x375.jpg 600w, https:\/\/cardio60.com\/wp-content\/uploads\/2024\/04\/formacion-rcp-iti-girona-2018-1-18x12.jpg 18w, https:\/\/cardio60.com\/wp-content\/uploads\/2024\/04\/formacion-rcp-iti-girona-2018-1.jpg 1280w\" sizes=\"(max-width: 1024px) 100vw, 1024px\" \/>\t\t\t\t\t\t\t\t\t\t\t\t\t\t\t<\/div>\n\t\t\t\t<\/div>\n\t\t\t\t\t<\/div>\n\t\t<\/div>\n\t\t\t\t\t<\/div>\n\t\t<\/section>\n\t\t\t\t<section class=\"elementor-section elementor-top-section elementor-element elementor-element-40c46b6 elementor-section-stretched elementor-section-boxed elementor-section-height-default elementor-section-height-default\" data-id=\"40c46b6\" data-element_type=\"section\" data-e-type=\"section\" data-settings=\"{&quot;background_background&quot;:&quot;classic&quot;,&quot;stretch_section&quot;:&quot;section-stretched&quot;}\">\n\t\t\t\t\t\t<div class=\"elementor-container elementor-column-gap-default\">\n\t\t\t\t\t<div class=\"elementor-column elementor-col-50 elementor-top-column elementor-element elementor-element-90dca23\" data-id=\"90dca23\" data-element_type=\"column\" data-e-type=\"column\" data-settings=\"{&quot;background_background&quot;:&quot;classic&quot;}\">\n\t\t\t<div class=\"elementor-widget-wrap elementor-element-populated\">\n\t\t\t\t\t\t<div class=\"elementor-element elementor-element-ceeb4af elementor-widget elementor-widget-text-editor\" data-id=\"ceeb4af\" data-element_type=\"widget\" data-e-type=\"widget\" data-widget_type=\"text-editor.default\">\n\t\t\t\t<div class=\"elementor-widget-container\">\n\t\t\t\t\t\t\t\t\t<p>Al nostre pa\u00eds, actualment hi ha 50.000 parades card\u00edaques a l\u2019any, de les quals 45.000 acaben en mort. Un dels principals motius es deu a l\u2019escassa formaci\u00f3 de la poblaci\u00f3, doncs els ciutadans s\u00f3n els primers en intervenir i poden donar la primera ajuda per a augmentar la superviv\u00e8ncia de la v\u00edctima. CARDIO60 ofereix la capacitat en habilitats de <strong>Reanimaci\u00f3 Cardiopulmonar i la utilitzaci\u00f3 de desfibril\u00b7ladors.<\/strong>.<\/p>\n<p class=\"translation-block\">Per qu\u00e8 no ofereixes al teu qeuip laboral o esportiu l'oportunitat d'oferir una millor resposta davant de la mort sobtada fins a l'arribada dels equips d'emerg\u00e8ncies m\u00e8diques? Els docents de CARDIO60 <strong>estudiem i practiquem davant de situacions especials<\/strong>  amb maniqu\u00eds d'alta fiabilitat que donen respostes <em>in situ<\/em> per a corregir les t\u00e8cniques en cas de no ser les adequades.<\/p>\n<p><strong>Tipologia de cursos de SVB i DEA:<\/strong><\/p>\n<ul>\n<li>Suport Vital B\u00e0sic i Desfibril\u00b7laci\u00f3<\/li>\n<li>Reciclatge en Suport Vital B\u00e0sic i Desfibril\u00b7laci\u00f3<\/li>\n<\/ul>\n\t\t\t\t\t\t\t\t<\/div>\n\t\t\t\t<\/div>\n\t\t\t\t\t<\/div>\n\t\t<\/div>\n\t\t\t\t<div class=\"elementor-column elementor-col-50 elementor-top-column elementor-element elementor-element-f7b7393\" data-id=\"f7b7393\" data-element_type=\"column\" data-e-type=\"column\" data-settings=\"{&quot;background_background&quot;:&quot;classic&quot;}\">\n\t\t\t<div class=\"elementor-widget-wrap elementor-element-populated\">\n\t\t\t\t\t\t<div class=\"elementor-element elementor-element-0205456 elementor-align-center elementor-widget elementor-widget-button\" data-id=\"0205456\" data-element_type=\"widget\" data-e-type=\"widget\" data-widget_type=\"button.default\">\n\t\t\t\t<div class=\"elementor-widget-container\">\n\t\t\t\t\t\t\t\t\t<div class=\"elementor-button-wrapper icon_align_\">\n\t\t\t\t\t<a class=\"elementor-button elementor-button-link elementor-size-sm\" href=\"#contacto\">\n\t\t\t\t\t\t<span class=\"elementor-button-content-wrapper\">\n\t\t\t\t\t\t\t\t\t<span class=\"elementor-button-text\">VULL INFORMACI\u00d3<\/span>\n\t\t\t\t\t<\/span>\n\t\t\t\t\t<\/a>\n\t\t\t\t<\/div>\n\t\t\t\t\t\t\t\t<\/div>\n\t\t\t\t<\/div>\n\t\t\t\t\t<\/div>\n\t\t<\/div>\n\t\t\t\t\t<\/div>\n\t\t<\/section>\n\t\t<div class=\"elementor-element elementor-element-643b8e7 e-grid e-con-boxed e-con e-parent\" data-id=\"643b8e7\" data-element_type=\"container\" data-e-type=\"container\">\n\t\t\t\t\t<div class=\"e-con-inner\">\n\t\t\t\t<div class=\"elementor-element elementor-element-1ad784e elementor-widget elementor-widget-heading\" data-id=\"1ad784e\" data-element_type=\"widget\" data-e-type=\"widget\" data-widget_type=\"heading.default\">\n\t\t\t\t<div class=\"elementor-widget-container\">\n\t\t\t\t\t<h3 class=\"elementor-heading-title elementor-size-default\">Altres cursos que podrien interessar-te\u2026<\/h3>\t\t\t\t<\/div>\n\t\t\t\t<\/div>\n\t\t\t\t\t<\/div>\n\t\t\t\t<\/div>\n\t\t<div class=\"elementor-element elementor-element-ebbc8e5 e-grid e-con-boxed e-con e-parent\" data-id=\"ebbc8e5\" data-element_type=\"container\" data-e-type=\"container\">\n\t\t\t\t\t<div class=\"e-con-inner\">\n\t\t\t\t<div class=\"elementor-element elementor-element-cfe2b27 elementor-widget elementor-widget-image\" data-id=\"cfe2b27\" data-element_type=\"widget\" data-e-type=\"widget\" data-widget_type=\"image.default\">\n\t\t\t\t<div class=\"elementor-widget-container\">\n\t\t\t\t\t\t\t\t\t\t\t\t<figure class=\"wp-caption\">\n\t\t\t\t\t\t\t\t\t\t\t<a href=\"https:\/\/cardio60.com\/ca\/cursos\/curso-de-primeros-auxilios-en-el-ambito-laboral\/\">\n\t\t\t\t\t\t\t<img decoding=\"async\" width=\"1024\" height=\"640\" src=\"https:\/\/cardio60.com\/wp-content\/uploads\/2024\/04\/cardio60-formacion-primeros-auxilios-1024x640.png\" class=\"attachment-large size-large wp-image-27311\" alt=\"\" srcset=\"https:\/\/cardio60.com\/wp-content\/uploads\/2024\/04\/cardio60-formacion-primeros-auxilios-1024x640.png 1024w, https:\/\/cardio60.com\/wp-content\/uploads\/2024\/04\/cardio60-formacion-primeros-auxilios-600x375.png 600w, https:\/\/cardio60.com\/wp-content\/uploads\/2024\/04\/cardio60-formacion-primeros-auxilios-300x188.png 300w, https:\/\/cardio60.com\/wp-content\/uploads\/2024\/04\/cardio60-formacion-primeros-auxilios-768x480.png 768w, https:\/\/cardio60.com\/wp-content\/uploads\/2024\/04\/cardio60-formacion-primeros-auxilios-1279x799.png 1279w, https:\/\/cardio60.com\/wp-content\/uploads\/2024\/04\/cardio60-formacion-primeros-auxilios-18x12.png 18w, https:\/\/cardio60.com\/wp-content\/uploads\/2024\/04\/cardio60-formacion-primeros-auxilios-296x185.png 296w, https:\/\/cardio60.com\/wp-content\/uploads\/2024\/04\/cardio60-formacion-primeros-auxilios.png 1280w\" sizes=\"(max-width: 1024px) 100vw, 1024px\" \/>\t\t\t\t\t\t\t\t<\/a>\n\t\t\t\t\t\t\t\t\t\t\t<figcaption class=\"widget-image-caption wp-caption-text\">CURS DE PRIMERS AUXILIS EN L\u2019\u00c0MBIT LABORAL<\/figcaption>\n\t\t\t\t\t\t\t\t\t\t<\/figure>\n\t\t\t\t\t\t\t\t\t<\/div>\n\t\t\t\t<\/div>\n\t\t\t\t<div class=\"elementor-element elementor-element-8eebe24 elementor-widget elementor-widget-image\" data-id=\"8eebe24\" data-element_type=\"widget\" data-e-type=\"widget\" data-widget_type=\"image.default\">\n\t\t\t\t<div class=\"elementor-widget-container\">\n\t\t\t\t\t\t\t\t\t\t\t\t<figure class=\"wp-caption\">\n\t\t\t\t\t\t\t\t\t\t\t<a href=\"https:\/\/cardio60.com\/ca\/cursos\/curso-de-primeros-auxilios-en-el-deporte\/\">\n\t\t\t\t\t\t\t<img decoding=\"async\" width=\"1024\" height=\"640\" src=\"https:\/\/cardio60.com\/wp-content\/uploads\/2024\/04\/cardio60-curso-primeros-auxilios-deporte-1024x640.jpg\" class=\"attachment-large size-large wp-image-27438\" alt=\"\" srcset=\"https:\/\/cardio60.com\/wp-content\/uploads\/2024\/04\/cardio60-curso-primeros-auxilios-deporte-1024x640.jpg 1024w, https:\/\/cardio60.com\/wp-content\/uploads\/2024\/04\/cardio60-curso-primeros-auxilios-deporte-300x188.jpg 300w, https:\/\/cardio60.com\/wp-content\/uploads\/2024\/04\/cardio60-curso-primeros-auxilios-deporte-768x480.jpg 768w, https:\/\/cardio60.com\/wp-content\/uploads\/2024\/04\/cardio60-curso-primeros-auxilios-deporte-600x375.jpg 600w, https:\/\/cardio60.com\/wp-content\/uploads\/2024\/04\/cardio60-curso-primeros-auxilios-deporte-1279x799.jpg 1279w, https:\/\/cardio60.com\/wp-content\/uploads\/2024\/04\/cardio60-curso-primeros-auxilios-deporte-18x12.jpg 18w, https:\/\/cardio60.com\/wp-content\/uploads\/2024\/04\/cardio60-curso-primeros-auxilios-deporte-296x185.jpg 296w, https:\/\/cardio60.com\/wp-content\/uploads\/2024\/04\/cardio60-curso-primeros-auxilios-deporte.jpg 1280w\" sizes=\"(max-width: 1024px) 100vw, 1024px\" \/>\t\t\t\t\t\t\t\t<\/a>\n\t\t\t\t\t\t\t\t\t\t\t<figcaption class=\"widget-image-caption wp-caption-text\">CURS DE PRIMERS AUXILIS A L\u2019ESPORT<\/figcaption>\n\t\t\t\t\t\t\t\t\t\t<\/figure>\n\t\t\t\t\t\t\t\t\t<\/div>\n\t\t\t\t<\/div>\n\t\t\t\t\t<\/div>\n\t\t\t\t<\/div>\n\t\t\t\t<section class=\"elementor-section elementor-top-section elementor-element elementor-element-77b49f98 elementor-section-stretched elementor-section-boxed elementor-section-height-default elementor-section-height-default\" data-id=\"77b49f98\" data-element_type=\"section\" data-e-type=\"section\" data-settings=\"{&quot;background_background&quot;:&quot;classic&quot;,&quot;stretch_section&quot;:&quot;section-stretched&quot;}\">\n\t\t\t\t\t\t\t<div class=\"elementor-background-overlay\"><\/div>\n\t\t\t\t\t\t\t<div class=\"elementor-container elementor-column-gap-default\">\n\t\t\t\t\t<div class=\"elementor-column elementor-col-25 elementor-top-column elementor-element elementor-element-1f5d99d3\" data-id=\"1f5d99d3\" data-element_type=\"column\" data-e-type=\"column\">\n\t\t\t<div class=\"elementor-widget-wrap\">\n\t\t\t\t\t\t\t<\/div>\n\t\t<\/div>\n\t\t\t\t<div class=\"elementor-column elementor-col-50 elementor-top-column elementor-element elementor-element-18baba36\" data-id=\"18baba36\" data-element_type=\"column\" data-e-type=\"column\">\n\t\t\t<div class=\"elementor-widget-wrap elementor-element-populated\">\n\t\t\t\t\t\t<section class=\"elementor-section elementor-top-section elementor-element elementor-element-3026ee07 elementor-section-boxed elementor-section-height-default elementor-section-height-default\" data-id=\"3026ee07\" data-element_type=\"section\" data-e-type=\"section\" data-settings=\"{&quot;background_background&quot;:&quot;classic&quot;}\">\n\t\t\t\t\t\t<div class=\"elementor-container elementor-column-gap-default\">\n\t\t\t\t\t<div class=\"elementor-column elementor-col-8 elementor-top-column elementor-element elementor-element-1726d0dc elementor-hidden-tablet elementor-hidden-phone\" data-id=\"1726d0dc\" data-element_type=\"column\" data-e-type=\"column\">\n\t\t\t<div class=\"elementor-widget-wrap\">\n\t\t\t\t\t\t\t<\/div>\n\t\t<\/div>\n\t\t\t\t<div class=\"elementor-column elementor-col-100 elementor-top-column elementor-element elementor-element-2274600\" data-id=\"2274600\" data-element_type=\"column\" data-e-type=\"column\">\n\t\t\t<div class=\"elementor-widget-wrap elementor-element-populated\">\n\t\t\t\t\t\t<div class=\"elementor-element elementor-element-5506898 elementor-widget elementor-widget-menu-anchor\" data-id=\"5506898\" data-element_type=\"widget\" data-e-type=\"widget\" data-widget_type=\"menu-anchor.default\">\n\t\t\t\t<div class=\"elementor-widget-container\">\n\t\t\t\t\t\t\t<div class=\"elementor-menu-anchor\" id=\"contacto\"><\/div>\n\t\t\t\t\t\t<\/div>\n\t\t\t\t<\/div>\n\t\t\t\t<div class=\"elementor-element elementor-element-3aaf1c81 elementor-widget elementor-widget-text-editor\" data-id=\"3aaf1c81\" data-element_type=\"widget\" data-e-type=\"widget\" data-widget_type=\"text-editor.default\">\n\t\t\t\t<div class=\"elementor-widget-container\">\n\t\t\t\t\t\t\t\t\t<h2 style=\"text-align: center;\"><span style=\"color: #ffffff;\">Es el moment de\u00a0<span style=\"color: #00c691;\">comen\u00e7ar<\/span> a canviar el m\u00f3n<\/span><\/h2>\n\t\t\t\t\t\t\t\t<\/div>\n\t\t\t\t<\/div>\n\t\t\t\t\t<\/div>\n\t\t<\/div>\n\t\t\t\t<div class=\"elementor-column elementor-col-8 elementor-top-column elementor-element elementor-element-386e159 elementor-hidden-tablet elementor-hidden-phone\" data-id=\"386e159\" data-element_type=\"column\" data-e-type=\"column\">\n\t\t\t<div class=\"elementor-widget-wrap\">\n\t\t\t\t\t\t\t<\/div>\n\t\t<\/div>\n\t\t\t\t\t<\/div>\n\t\t<\/section>\n\t\t\t\t<div class=\"elementor-element elementor-element-69d423ea elementor-widget elementor-widget-vc_custom_heading\" data-id=\"69d423ea\" data-element_type=\"widget\" data-e-type=\"widget\" data-widget_type=\"vc_custom_heading.default\">\n\t\t\t\t<div class=\"elementor-widget-container\">\n\t\t\t\t\t<div class=\"vc_custom_heading  masterstudy_heading_font  text_align_center\" ><h4 style=\"font-size: 18px;color: #ffffff;text-align: center;line-height: 30px;font-weight:400\" class=\"masterstudy-custom-title\">Si est\u00e0s interessat en realitzar un curs o saber m\u00e9s sobre CARDIO60, contacta amb nosaltres:\n<\/h4><\/div>\t\t\t\t<\/div>\n\t\t\t\t<\/div>\n\t\t\t\t<div class=\"elementor-element elementor-element-6116e7dc elementor-widget elementor-widget-stm_contact_form_7\" data-id=\"6116e7dc\" data-element_type=\"widget\" data-e-type=\"widget\" data-widget_type=\"stm_contact_form_7.default\">\n\t\t\t\t<div class=\"elementor-widget-container\">\n\t\t\t\t\t\n<div class=\"wpcf7 no-js\" id=\"wpcf7-f403-o1\" lang=\"en-US\" dir=\"ltr\" data-wpcf7-id=\"403\">\n<div class=\"screen-reader-response\"><p role=\"status\" aria-live=\"polite\" aria-atomic=\"true\"><\/p> <ul><\/ul><\/div>\n<form action=\"\/ca\/wp-json\/wp\/v2\/pages\/27487#wpcf7-f403-o1\" method=\"post\" class=\"wpcf7-form init\" aria-label=\"Contact form\" novalidate=\"novalidate\" data-status=\"init\" data-trp-original-action=\"\/ca\/wp-json\/wp\/v2\/pages\/27487#wpcf7-f403-o1\">\n<fieldset class=\"hidden-fields-container\"><input type=\"hidden\" name=\"_wpcf7\" value=\"403\" \/><input type=\"hidden\" name=\"_wpcf7_version\" value=\"6.1.5\" \/><input type=\"hidden\" name=\"_wpcf7_locale\" value=\"en_US\" \/><input type=\"hidden\" name=\"_wpcf7_unit_tag\" value=\"wpcf7-f403-o1\" \/><input type=\"hidden\" name=\"_wpcf7_container_post\" value=\"0\" \/><input type=\"hidden\" name=\"_wpcf7_posted_data_hash\" value=\"\" \/>\n<\/fieldset>\n<div class=\"row\">\n\t<div class=\"col-xs-12 col-sm-6 col-md-6 col-lg-6\">\n\t\t<div class=\"form-group\">\n\t\t\t<p><span class=\"wpcf7-form-control-wrap\" data-name=\"nombre\"><input size=\"40\" maxlength=\"400\" class=\"wpcf7-form-control wpcf7-text wpcf7-validates-as-required form-control\" aria-required=\"true\" aria-invalid=\"false\" placeholder=\"Nom*\" value=\"\" type=\"text\" name=\"nombre\" \/><\/span>\n\t\t\t<\/p>\n\t\t<\/div>\n\t<\/div>\n\t<div class=\"col-xs-12 col-sm-6 col-md-6 col-lg-6\">\n\t\t<div class=\"form-group\">\n\t\t\t<p><span class=\"wpcf7-form-control-wrap\" data-name=\"email\"><input size=\"40\" maxlength=\"400\" class=\"wpcf7-form-control wpcf7-email wpcf7-validates-as-required wpcf7-text wpcf7-validates-as-email form-control\" aria-required=\"true\" aria-invalid=\"false\" placeholder=\"Email*\" value=\"\" type=\"email\" name=\"email\" \/><\/span>\n\t\t\t<\/p>\n\t\t<\/div>\n\t<\/div>\n<\/div>\n<div class=\"row\">\n\t<div class=\"col-xs-12 col-sm-6 col-md-6 col-lg-6\">\n\t\t<div class=\"form-group\">\n\t\t\t<p><span class=\"wpcf7-form-control-wrap\" data-name=\"empresa\"><input size=\"40\" maxlength=\"400\" class=\"wpcf7-form-control wpcf7-text form-control\" aria-invalid=\"false\" placeholder=\"Empresa\" value=\"\" type=\"text\" name=\"empresa\" \/><\/span>\n\t\t\t<\/p>\n\t\t<\/div>\n\t<\/div>\n\t<div class=\"col-xs-12 col-sm-6 col-md-6 col-lg-6\">\n\t\t<div class=\"form-group\">\n\t\t\t<p><span class=\"wpcf7-form-control-wrap\" data-name=\"tel-742\"><input size=\"40\" maxlength=\"400\" class=\"wpcf7-form-control wpcf7-tel wpcf7-validates-as-required wpcf7-text wpcf7-validates-as-tel\" aria-required=\"true\" aria-invalid=\"false\" placeholder=\"Tel\u00e8fon*\" value=\"\" type=\"tel\" name=\"tel-742\" \/><\/span>\n\t\t\t<\/p>\n\t\t<\/div>\n\t<\/div>\n<\/div>\n<div class=\"row\">\n\t<div class=\"col-xs-12 col-sm-12 col-md-12 col-lg-12\">\n\t\t<div class=\"form-group\">\n\t\t\t<p><span class=\"wpcf7-form-control-wrap\" data-name=\"message\"><textarea cols=\"40\" rows=\"9\" maxlength=\"2000\" class=\"wpcf7-form-control wpcf7-textarea wpcf7-validates-as-required form-control\" aria-required=\"true\" aria-invalid=\"false\" placeholder=\"Missatge*\" name=\"message\"><\/textarea><\/span>\n\t\t\t<\/p>\n\t\t<\/div>\n\t<\/div>\n<\/div>\n<div class=\"row\">\n\t<div class=\"col-xs-12 col-sm-12 col-md-12 col-lg-12\">\n\t\t<p><span class=\"wpcf7-form-control-wrap\" data-name=\"acceptance-916\"><span class=\"wpcf7-form-control wpcf7-acceptance\"><span class=\"wpcf7-list-item\"><label><input type=\"checkbox\" name=\"acceptance-916\" value=\"1\" aria-invalid=\"false\" \/><span class=\"wpcf7-list-item-label\">He llegit i accepto la pol\u00edtica de privacitat<\/span><\/label><\/span><\/span><\/span><br \/>\n<input class=\"wpcf7-form-control wpcf7-submit has-spinner btn btn-default\" type=\"submit\" value=\"ENVIAR\" \/>\n\t\t<\/p>\n\t<\/div>\n<\/div><div class=\"wpcf7-response-output\" aria-hidden=\"true\"><\/div>\n<input type=\"hidden\" name=\"trp-form-language\" value=\"ca\"\/><\/form>\n<\/div>\n\t\t\t\t<\/div>\n\t\t\t\t<\/div>\n\t\t\t\t\t<\/div>\n\t\t<\/div>\n\t\t\t\t<div class=\"elementor-column elementor-col-25 elementor-top-column elementor-element elementor-element-2bb8908c\" data-id=\"2bb8908c\" data-element_type=\"column\" data-e-type=\"column\">\n\t\t\t<div class=\"elementor-widget-wrap\">\n\t\t\t\t\t\t\t<\/div>\n\t\t<\/div>\n\t\t\t\t\t<\/div>\n\t\t<\/section>\n\t\t\t\t<\/div>","protected":false},"excerpt":{"rendered":"<p>CURSO DE SOPORTE VITAL B\u00c1SICO Y DESFIBRILACI\u00d3N SEMIAUTOM\u00c1TICA En nuestro pa\u00eds actualmente suceden 50.000 paradas card\u00edacas al a\u00f1o, de las cuales 45.000 terminan en muerte. CARDIO60 ofrece la capacitaci\u00f3n en habilidades de Reanimaci\u00f3n Cardiopulmonar y la utilizaci\u00f3n de desfibriladores. En nuestro pa\u00eds actualmente suceden 50.000 paradas card\u00edacas al a\u00f1o, de las cuales 45.000 terminan en [&hellip;]<\/p>\n","protected":false},"author":2,"featured_media":0,"parent":27113,"menu_order":1,"comment_status":"closed","ping_status":"closed","template":"","meta":{"inline_featured_image":false,"footnotes":""},"class_list":["post-27487","page","type-page","status-publish","hentry"],"_links":{"self":[{"href":"https:\/\/cardio60.com\/ca\/wp-json\/wp\/v2\/pages\/27487","targetHints":{"allow":["GET"]}}],"collection":[{"href":"https:\/\/cardio60.com\/ca\/wp-json\/wp\/v2\/pages"}],"about":[{"href":"https:\/\/cardio60.com\/ca\/wp-json\/wp\/v2\/types\/page"}],"author":[{"embeddable":true,"href":"https:\/\/cardio60.com\/ca\/wp-json\/wp\/v2\/users\/2"}],"replies":[{"embeddable":true,"href":"https:\/\/cardio60.com\/ca\/wp-json\/wp\/v2\/comments?post=27487"}],"version-history":[{"count":52,"href":"https:\/\/cardio60.com\/ca\/wp-json\/wp\/v2\/pages\/27487\/revisions"}],"predecessor-version":[{"id":27621,"href":"https:\/\/cardio60.com\/ca\/wp-json\/wp\/v2\/pages\/27487\/revisions\/27621"}],"up":[{"embeddable":true,"href":"https:\/\/cardio60.com\/ca\/wp-json\/wp\/v2\/pages\/27113"}],"wp:attachment":[{"href":"https:\/\/cardio60.com\/ca\/wp-json\/wp\/v2\/media?parent=27487"}],"curies":[{"name":"wp","href":"https:\/\/api.w.org\/{rel}","templated":true}]}}