{"id":27223,"date":"2024-04-06T11:13:54","date_gmt":"2024-04-06T11:13:54","guid":{"rendered":"https:\/\/cardio60.com\/?page_id=27223"},"modified":"2024-08-20T07:39:57","modified_gmt":"2024-08-20T05:39:57","slug":"equipo","status":"publish","type":"page","link":"https:\/\/cardio60.com\/ca\/equipo\/","title":{"rendered":"Equip"},"content":{"rendered":"<div data-elementor-type=\"wp-page\" data-elementor-id=\"27223\" class=\"elementor elementor-27223\">\n\t\t\t\t<div class=\"elementor-element elementor-element-46af8be e-flex e-con-boxed e-con e-parent\" data-id=\"46af8be\" data-element_type=\"container\" data-e-type=\"container\">\n\t\t\t\t\t<div class=\"e-con-inner\">\n\t\t\t\t<div class=\"elementor-element elementor-element-9d85d04 elementor-widget elementor-widget-heading\" data-id=\"9d85d04\" data-element_type=\"widget\" data-e-type=\"widget\" data-widget_type=\"heading.default\">\n\t\t\t\t<div class=\"elementor-widget-container\">\n\t\t\t\t\t<h2 class=\"elementor-heading-title elementor-size-default\">Equip<\/h2>\t\t\t\t<\/div>\n\t\t\t\t<\/div>\n\t\t\t\t\t<\/div>\n\t\t\t\t<\/div>\n\t\t<div class=\"elementor-element elementor-element-0149c05 e-flex e-con-boxed e-con e-parent\" data-id=\"0149c05\" data-element_type=\"container\" data-e-type=\"container\">\n\t\t\t\t\t<div class=\"e-con-inner\">\n\t\t\t\t<div class=\"elementor-element elementor-element-57e5edd elementor-widget elementor-widget-text-editor\" data-id=\"57e5edd\" data-element_type=\"widget\" data-e-type=\"widget\" data-widget_type=\"text-editor.default\">\n\t\t\t\t<div class=\"elementor-widget-container\">\n\t\t\t\t\t\t\t\t\t<p>CARDIO60 \u00e9s un projecte que neix de la m\u00e0 de dos infermers, Daniel Arbon\u00e9s i Pablo Dur\u00e1n, que creuen en la formaci\u00f3 sanit\u00e0ria de la societat per a intervenir davant d\u2019una parada card\u00edaca abans de que arribin els serveis d\u2019emerg\u00e8ncies i, aix\u00ed, poder salvar una vida.<\/p>\n<p style=\"text-align: justify;\">L\u2019equip docent de CARDIO60 s\u2019adapta a les necessitats de l\u2019alumnat amb una formaci\u00f3 mixta (presencial i online) impartida pels <strong>professionals en actiu a les emerg\u00e8ncies sanit\u00e0ries amb una \u00e0mplia experi\u00e8ncia<\/strong> en Unitats de Cures Intensives i Urg\u00e8ncies.<\/p>\n<p style=\"text-align: justify;\">A m\u00e9s, estem en contacte amb organitzacions nacionals implicades en els processos de Reanimaci\u00f3 Cardiopulmonar (RCP) i assistim als esdeveniments on es presenten les noves l\u00ednies d\u2019actuaci\u00f3 per a reiniciar l\u2019activitat card\u00edaca. En aquest \u00e0mbit <strong>\u00e9s imprescindible el reciclatge continuat, tant a nivell de maniobres com de legislaci\u00f3 i eines<\/strong> per a oferir el millor servei als nostres alumnes.<\/p>\n\t\t\t\t\t\t\t\t<\/div>\n\t\t\t\t<\/div>\n\t\t\t\t\t<\/div>\n\t\t\t\t<\/div>\n\t\t\t\t<section class=\"elementor-section elementor-top-section elementor-element elementor-element-440e1fe7 lg_mg_sides elementor-section-stretched elementor-section-boxed elementor-section-height-default elementor-section-height-default\" data-id=\"440e1fe7\" data-element_type=\"section\" data-e-type=\"section\" data-settings=\"{&quot;stretch_section&quot;:&quot;section-stretched&quot;}\">\n\t\t\t\t\t\t<div class=\"elementor-container elementor-column-gap-default\">\n\t\t\t\t\t<div class=\"elementor-column elementor-col-50 elementor-top-column elementor-element elementor-element-1faea204 autowidth\" data-id=\"1faea204\" data-element_type=\"column\" data-e-type=\"column\" data-settings=\"{&quot;background_background&quot;:&quot;classic&quot;}\">\n\t\t\t<div class=\"elementor-widget-wrap elementor-element-populated\">\n\t\t\t\t\t\t<div class=\"elementor-element elementor-element-8a7a0e1 elementor-widget elementor-widget-image\" data-id=\"8a7a0e1\" data-element_type=\"widget\" data-e-type=\"widget\" data-widget_type=\"image.default\">\n\t\t\t\t<div class=\"elementor-widget-container\">\n\t\t\t\t\t\t\t\t\t\t\t\t\t\t\t<img fetchpriority=\"high\" decoding=\"async\" width=\"1024\" height=\"1024\" src=\"https:\/\/cardio60.com\/wp-content\/uploads\/2024\/08\/cardio60-daniel-arbones-ok-1024x1024.jpg\" class=\"attachment-large size-large wp-image-27894\" alt=\"\" srcset=\"https:\/\/cardio60.com\/wp-content\/uploads\/2024\/08\/cardio60-daniel-arbones-ok-1024x1024.jpg 1024w, https:\/\/cardio60.com\/wp-content\/uploads\/2024\/08\/cardio60-daniel-arbones-ok-300x300.jpg 300w, https:\/\/cardio60.com\/wp-content\/uploads\/2024\/08\/cardio60-daniel-arbones-ok-150x150.jpg 150w, https:\/\/cardio60.com\/wp-content\/uploads\/2024\/08\/cardio60-daniel-arbones-ok-768x768.jpg 768w, https:\/\/cardio60.com\/wp-content\/uploads\/2024\/08\/cardio60-daniel-arbones-ok-75x75.jpg 75w, https:\/\/cardio60.com\/wp-content\/uploads\/2024\/08\/cardio60-daniel-arbones-ok-129x129.jpg 129w, https:\/\/cardio60.com\/wp-content\/uploads\/2024\/08\/cardio60-daniel-arbones-ok-69x69.jpg 69w, https:\/\/cardio60.com\/wp-content\/uploads\/2024\/08\/cardio60-daniel-arbones-ok-600x600.jpg 600w, https:\/\/cardio60.com\/wp-content\/uploads\/2024\/08\/cardio60-daniel-arbones-ok-100x100.jpg 100w, https:\/\/cardio60.com\/wp-content\/uploads\/2024\/08\/cardio60-daniel-arbones-ok.jpg 1200w\" sizes=\"(max-width: 1024px) 100vw, 1024px\" \/>\t\t\t\t\t\t\t\t\t\t\t\t\t\t\t<\/div>\n\t\t\t\t<\/div>\n\t\t\t\t<section class=\"elementor-section elementor-top-section elementor-element elementor-element-58d7388c elementor-section-boxed elementor-section-height-default elementor-section-height-default\" data-id=\"58d7388c\" data-element_type=\"section\" data-e-type=\"section\" data-settings=\"{&quot;background_background&quot;:&quot;classic&quot;}\">\n\t\t\t\t\t\t<div class=\"elementor-container elementor-column-gap-default\">\n\t\t\t\t\t<div class=\"elementor-column elementor-col-16 elementor-top-column elementor-element elementor-element-b2305c1\" data-id=\"b2305c1\" data-element_type=\"column\" data-e-type=\"column\">\n\t\t\t<div class=\"elementor-widget-wrap\">\n\t\t\t\t\t\t\t<\/div>\n\t\t<\/div>\n\t\t\t\t<div class=\"elementor-column elementor-col-66 elementor-top-column elementor-element elementor-element-4b5f50eb\" data-id=\"4b5f50eb\" data-element_type=\"column\" data-e-type=\"column\" data-settings=\"{&quot;background_background&quot;:&quot;classic&quot;}\">\n\t\t\t<div class=\"elementor-widget-wrap elementor-element-populated\">\n\t\t\t\t\t\t<div class=\"elementor-element elementor-element-11c9e389 elementor-widget elementor-widget-vc_custom_heading\" data-id=\"11c9e389\" data-element_type=\"widget\" data-e-type=\"widget\" data-widget_type=\"vc_custom_heading.default\">\n\t\t\t\t<div class=\"elementor-widget-container\">\n\t\t\t\t\t<div class=\"vc_custom_heading  masterstudy_heading_font  text_align_center title_no_stripe\" ><h4 style=\"font-size: 40px;color: #011E4B;text-align: center;font-weight:400\" class=\"masterstudy-custom-title\">Daniel Arbon\u00e9s\n<\/h4><\/div>\t\t\t\t<\/div>\n\t\t\t\t<\/div>\n\t\t\t\t<div class=\"elementor-element elementor-element-c8fd9ce elementor-widget elementor-widget-vc_custom_heading\" data-id=\"c8fd9ce\" data-element_type=\"widget\" data-e-type=\"widget\" data-widget_type=\"vc_custom_heading.default\">\n\t\t\t\t<div class=\"elementor-widget-container\">\n\t\t\t\t\t<div class=\"vc_custom_heading  masterstudy_heading_font  text_align_center title_no_stripe\" ><h5 style=\"font-size: 24px;color: #011E4B;text-align: center;line-height: 24px;font-weight:400\" class=\"masterstudy-custom-title\">Infermer\n<\/h5><\/div>\t\t\t\t<\/div>\n\t\t\t\t<\/div>\n\t\t\t\t<div class=\"elementor-element elementor-element-b770afa elementor-widget-divider--view-line elementor-widget elementor-widget-divider\" data-id=\"b770afa\" data-element_type=\"widget\" data-e-type=\"widget\" data-widget_type=\"divider.default\">\n\t\t\t\t<div class=\"elementor-widget-container\">\n\t\t\t\t\t\t\t<div class=\"elementor-divider\">\n\t\t\t<span class=\"elementor-divider-separator\">\n\t\t\t\t\t\t<\/span>\n\t\t<\/div>\n\t\t\t\t\t\t<\/div>\n\t\t\t\t<\/div>\n\t\t\t\t\t<\/div>\n\t\t<\/div>\n\t\t\t\t<div class=\"elementor-column elementor-col-16 elementor-top-column elementor-element elementor-element-69053c44\" data-id=\"69053c44\" data-element_type=\"column\" data-e-type=\"column\">\n\t\t\t<div class=\"elementor-widget-wrap\">\n\t\t\t\t\t\t\t<\/div>\n\t\t<\/div>\n\t\t\t\t\t<\/div>\n\t\t<\/section>\n\t\t\t\t<div class=\"elementor-element elementor-element-8b0a7d0 elementor-widget elementor-widget-text-editor\" data-id=\"8b0a7d0\" data-element_type=\"widget\" data-e-type=\"widget\" data-widget_type=\"text-editor.default\">\n\t\t\t\t<div class=\"elementor-widget-container\">\n\t\t\t\t\t\t\t\t\t<p>Amb una traject\u00f2ria professional de m\u00e9s de 20 anys al sector, ha desenvolupat la seva activitat assistencial a diferents serveis, des de l\u2019atenci\u00f3 aguda i domicili\u00e0ria, fins a les emerg\u00e8ncies en hospitals de tercer nivell i a Centres d\u2019Atenci\u00f3 Prim\u00e0ria. Daniel combina la seva activitat assistencial amb la doc\u00e8ncia a la Universitat, a CARDIO60 i a d\u2019altres institucions.<\/p>\n<p>A m\u00e9s, actualment es troba desenvolupant la seva tesi doctoral amb l\u2019objectiu d\u2019avaluar la influ\u00e8ncia dels reciclatges en Suport Vital - DEA a l\u2019atenci\u00f3 a l\u2019individu en parada cardiorrespirat\u00f2ria.<\/p>\n\t\t\t\t\t\t\t\t<\/div>\n\t\t\t\t<\/div>\n\t\t\t\t\t<\/div>\n\t\t<\/div>\n\t\t\t\t<div class=\"elementor-column elementor-col-50 elementor-top-column elementor-element elementor-element-5301f424 autowidth\" data-id=\"5301f424\" data-element_type=\"column\" data-e-type=\"column\" data-settings=\"{&quot;background_background&quot;:&quot;classic&quot;}\">\n\t\t\t<div class=\"elementor-widget-wrap elementor-element-populated\">\n\t\t\t\t\t\t<div class=\"elementor-element elementor-element-46d82bf elementor-widget elementor-widget-image\" data-id=\"46d82bf\" data-element_type=\"widget\" data-e-type=\"widget\" data-widget_type=\"image.default\">\n\t\t\t\t<div class=\"elementor-widget-container\">\n\t\t\t\t\t\t\t\t\t\t\t\t\t\t\t<img decoding=\"async\" width=\"1024\" height=\"1024\" src=\"https:\/\/cardio60.com\/wp-content\/uploads\/2024\/08\/cardio60-pablo-duran-ok-1024x1024.jpg\" class=\"attachment-large size-large wp-image-27895\" alt=\"\" srcset=\"https:\/\/cardio60.com\/wp-content\/uploads\/2024\/08\/cardio60-pablo-duran-ok-1024x1024.jpg 1024w, https:\/\/cardio60.com\/wp-content\/uploads\/2024\/08\/cardio60-pablo-duran-ok-300x300.jpg 300w, https:\/\/cardio60.com\/wp-content\/uploads\/2024\/08\/cardio60-pablo-duran-ok-150x150.jpg 150w, https:\/\/cardio60.com\/wp-content\/uploads\/2024\/08\/cardio60-pablo-duran-ok-768x768.jpg 768w, https:\/\/cardio60.com\/wp-content\/uploads\/2024\/08\/cardio60-pablo-duran-ok-75x75.jpg 75w, https:\/\/cardio60.com\/wp-content\/uploads\/2024\/08\/cardio60-pablo-duran-ok-129x129.jpg 129w, https:\/\/cardio60.com\/wp-content\/uploads\/2024\/08\/cardio60-pablo-duran-ok-69x69.jpg 69w, https:\/\/cardio60.com\/wp-content\/uploads\/2024\/08\/cardio60-pablo-duran-ok-600x600.jpg 600w, https:\/\/cardio60.com\/wp-content\/uploads\/2024\/08\/cardio60-pablo-duran-ok-100x100.jpg 100w, https:\/\/cardio60.com\/wp-content\/uploads\/2024\/08\/cardio60-pablo-duran-ok.jpg 1200w\" sizes=\"(max-width: 1024px) 100vw, 1024px\" \/>\t\t\t\t\t\t\t\t\t\t\t\t\t\t\t<\/div>\n\t\t\t\t<\/div>\n\t\t\t\t<section class=\"elementor-section elementor-top-section elementor-element elementor-element-57c7de32 elementor-section-boxed elementor-section-height-default elementor-section-height-default\" data-id=\"57c7de32\" data-element_type=\"section\" data-e-type=\"section\" data-settings=\"{&quot;background_background&quot;:&quot;classic&quot;}\">\n\t\t\t\t\t\t<div class=\"elementor-container elementor-column-gap-default\">\n\t\t\t\t\t<div class=\"elementor-column elementor-col-16 elementor-top-column elementor-element elementor-element-5c5ad02\" data-id=\"5c5ad02\" data-element_type=\"column\" data-e-type=\"column\">\n\t\t\t<div class=\"elementor-widget-wrap\">\n\t\t\t\t\t\t\t<\/div>\n\t\t<\/div>\n\t\t\t\t<div class=\"elementor-column elementor-col-66 elementor-top-column elementor-element elementor-element-41f5e29f\" data-id=\"41f5e29f\" data-element_type=\"column\" data-e-type=\"column\" data-settings=\"{&quot;background_background&quot;:&quot;classic&quot;}\">\n\t\t\t<div class=\"elementor-widget-wrap elementor-element-populated\">\n\t\t\t\t\t\t<div class=\"elementor-element elementor-element-0d2e2f9 elementor-widget elementor-widget-vc_custom_heading\" data-id=\"0d2e2f9\" data-element_type=\"widget\" data-e-type=\"widget\" data-widget_type=\"vc_custom_heading.default\">\n\t\t\t\t<div class=\"elementor-widget-container\">\n\t\t\t\t\t<div class=\"vc_custom_heading  masterstudy_heading_font  text_align_center title_no_stripe\" ><h4 style=\"font-size: 40px;color: #011E4B;text-align: center;font-weight:400\" class=\"masterstudy-custom-title\">Pablo Dur\u00e1n\n<\/h4><\/div>\t\t\t\t<\/div>\n\t\t\t\t<\/div>\n\t\t\t\t<div class=\"elementor-element elementor-element-3447c1f elementor-widget elementor-widget-vc_custom_heading\" data-id=\"3447c1f\" data-element_type=\"widget\" data-e-type=\"widget\" data-widget_type=\"vc_custom_heading.default\">\n\t\t\t\t<div class=\"elementor-widget-container\">\n\t\t\t\t\t<div class=\"vc_custom_heading  masterstudy_heading_font  text_align_center title_no_stripe\" ><h5 style=\"font-size: 24px;color: #011E4B;text-align: center;line-height: 24px;font-weight:400\" class=\"masterstudy-custom-title\">Infermer\n<\/h5><\/div>\t\t\t\t<\/div>\n\t\t\t\t<\/div>\n\t\t\t\t<div class=\"elementor-element elementor-element-9fe381a elementor-widget-divider--view-line elementor-widget elementor-widget-divider\" data-id=\"9fe381a\" data-element_type=\"widget\" data-e-type=\"widget\" data-widget_type=\"divider.default\">\n\t\t\t\t<div class=\"elementor-widget-container\">\n\t\t\t\t\t\t\t<div class=\"elementor-divider\">\n\t\t\t<span class=\"elementor-divider-separator\">\n\t\t\t\t\t\t<\/span>\n\t\t<\/div>\n\t\t\t\t\t\t<\/div>\n\t\t\t\t<\/div>\n\t\t\t\t\t<\/div>\n\t\t<\/div>\n\t\t\t\t<div class=\"elementor-column elementor-col-16 elementor-top-column elementor-element elementor-element-24289ff0\" data-id=\"24289ff0\" data-element_type=\"column\" data-e-type=\"column\">\n\t\t\t<div class=\"elementor-widget-wrap\">\n\t\t\t\t\t\t\t<\/div>\n\t\t<\/div>\n\t\t\t\t\t<\/div>\n\t\t<\/section>\n\t\t\t\t<div class=\"elementor-element elementor-element-5e8ccf0 elementor-widget elementor-widget-text-editor\" data-id=\"5e8ccf0\" data-element_type=\"widget\" data-e-type=\"widget\" data-widget_type=\"text-editor.default\">\n\t\t\t\t<div class=\"elementor-widget-container\">\n\t\t\t\t\t\t\t\t\t<p>Amb una \u00e0mplia experi\u00e8ncia al camp de les emerg\u00e8ncies m\u00e8diques, ha treballat com a socorrista, t\u00e8cnic d\u2019ambul\u00e0ncia i actualment combina la seva tasca d\u2019infermer al SEM (Servei d\u2019EMerg\u00e8ncies M\u00e8diques) amb la doc\u00e8ncia a CARDIO60 i a d\u2019altres institucions.<\/p>\n<p>\u201cDes de 2012 vetllo per la difusi\u00f3 del coneixement en t\u00e8cniques de Reanimaci\u00f3 Cardiopulmonar\u201d.<\/p>\n\t\t\t\t\t\t\t\t<\/div>\n\t\t\t\t<\/div>\n\t\t\t\t\t<\/div>\n\t\t<\/div>\n\t\t\t\t\t<\/div>\n\t\t<\/section>\n\t\t<div class=\"elementor-element elementor-element-b578d17 e-flex e-con-boxed e-con e-parent\" data-id=\"b578d17\" data-element_type=\"container\" data-e-type=\"container\">\n\t\t\t\t\t<div class=\"e-con-inner\">\n\t\t\t\t<div class=\"elementor-element elementor-element-7a7f0be elementor-widget elementor-widget-heading\" data-id=\"7a7f0be\" data-element_type=\"widget\" data-e-type=\"widget\" data-widget_type=\"heading.default\">\n\t\t\t\t<div class=\"elementor-widget-container\">\n\t\t\t\t\t<h2 class=\"elementor-heading-title elementor-size-default\">A qui ens dirigim?<\/h2>\t\t\t\t<\/div>\n\t\t\t\t<\/div>\n\t\t\t\t\t<\/div>\n\t\t\t\t<\/div>\n\t\t<div class=\"elementor-element elementor-element-b14eae1 e-flex e-con-boxed e-con e-parent\" data-id=\"b14eae1\" data-element_type=\"container\" data-e-type=\"container\">\n\t\t\t\t\t<div class=\"e-con-inner\">\n\t\t\t\t<div class=\"elementor-element elementor-element-4a96614 elementor-widget elementor-widget-text-editor\" data-id=\"4a96614\" data-element_type=\"widget\" data-e-type=\"widget\" data-widget_type=\"text-editor.default\">\n\t\t\t\t<div class=\"elementor-widget-container\">\n\t\t\t\t\t\t\t\t\t<p><span style=\"font-weight: 400;\">Ajudar a salvar una vida no implica ser un expert en sanitat, per aquesta ra\u00f3 els cursos de Reanimaci\u00f3 Cardiopulmonar i primers auxilis que imparteix l'equip de CARDIO60 <\/span><b>estan dirigits a un p\u00fablic general, particulars i empreses<\/b><span style=\"font-weight: 400;\">, entre altres:<\/span><\/p>\n<ul>\n<li><span style=\"font-weight: 400;\">Hostaleria<\/span><\/li>\n<li><span style=\"font-weight: 400;\">Escoles<\/span><\/li>\n<li><span style=\"font-weight: 400;\">Centres m\u00e8dics<\/span><\/li>\n<li><span style=\"font-weight: 400;\">Ajuntaments<\/span><\/li>\n<li><span style=\"font-weight: 400;\">Cossos de seguretat<\/span><\/li>\n<li><span style=\"font-weight: 400;\">Associacions<\/span><\/li>\n<li><span style=\"font-weight: 400;\">Entitats recreatives<\/span><\/li>\n<li><span style=\"font-weight: 400;\">Comunitats de Ve\u00efns<\/span><\/li>\n<li><span style=\"font-weight: 400;\">Empreses p\u00fabliques i privades<\/span><\/li>\n<\/ul>\n\t\t\t\t\t\t\t\t<\/div>\n\t\t\t\t<\/div>\n\t\t\t\t\t<\/div>\n\t\t\t\t<\/div>\n\t\t\t\t<section class=\"elementor-section elementor-top-section elementor-element elementor-element-29321a7f elementor-section-stretched elementor-section-boxed elementor-section-height-default elementor-section-height-default\" data-id=\"29321a7f\" data-element_type=\"section\" data-e-type=\"section\" data-settings=\"{&quot;background_background&quot;:&quot;classic&quot;,&quot;stretch_section&quot;:&quot;section-stretched&quot;}\">\n\t\t\t\t\t\t\t<div class=\"elementor-background-overlay\"><\/div>\n\t\t\t\t\t\t\t<div class=\"elementor-container elementor-column-gap-default\">\n\t\t\t\t\t<div class=\"elementor-column elementor-col-25 elementor-top-column elementor-element elementor-element-68901018\" data-id=\"68901018\" data-element_type=\"column\" data-e-type=\"column\">\n\t\t\t<div class=\"elementor-widget-wrap\">\n\t\t\t\t\t\t\t<\/div>\n\t\t<\/div>\n\t\t\t\t<div class=\"elementor-column elementor-col-50 elementor-top-column elementor-element elementor-element-73dfbe95\" data-id=\"73dfbe95\" data-element_type=\"column\" data-e-type=\"column\">\n\t\t\t<div class=\"elementor-widget-wrap elementor-element-populated\">\n\t\t\t\t\t\t<section class=\"elementor-section elementor-top-section elementor-element elementor-element-7f158086 elementor-section-boxed elementor-section-height-default elementor-section-height-default\" data-id=\"7f158086\" data-element_type=\"section\" data-e-type=\"section\" data-settings=\"{&quot;background_background&quot;:&quot;classic&quot;}\">\n\t\t\t\t\t\t<div class=\"elementor-container elementor-column-gap-default\">\n\t\t\t\t\t<div class=\"elementor-column elementor-col-8 elementor-top-column elementor-element elementor-element-4d55088e elementor-hidden-tablet elementor-hidden-phone\" data-id=\"4d55088e\" data-element_type=\"column\" data-e-type=\"column\">\n\t\t\t<div class=\"elementor-widget-wrap\">\n\t\t\t\t\t\t\t<\/div>\n\t\t<\/div>\n\t\t\t\t<div class=\"elementor-column elementor-col-100 elementor-top-column elementor-element elementor-element-33cb685c\" data-id=\"33cb685c\" data-element_type=\"column\" data-e-type=\"column\">\n\t\t\t<div class=\"elementor-widget-wrap elementor-element-populated\">\n\t\t\t\t\t\t<div class=\"elementor-element elementor-element-6f7240f1 elementor-widget elementor-widget-text-editor\" data-id=\"6f7240f1\" data-element_type=\"widget\" data-e-type=\"widget\" data-widget_type=\"text-editor.default\">\n\t\t\t\t<div class=\"elementor-widget-container\">\n\t\t\t\t\t\t\t\t\t<h2 style=\"text-align: center;\"><span style=\"color: #ffffff;\">Es el moment de\u00a0<span style=\"color: #00c691;\">comen\u00e7ar<\/span> a canviar el m\u00f3n<\/span><\/h2>\n\t\t\t\t\t\t\t\t<\/div>\n\t\t\t\t<\/div>\n\t\t\t\t\t<\/div>\n\t\t<\/div>\n\t\t\t\t<div class=\"elementor-column elementor-col-8 elementor-top-column elementor-element elementor-element-1f17e50d elementor-hidden-tablet elementor-hidden-phone\" data-id=\"1f17e50d\" data-element_type=\"column\" data-e-type=\"column\">\n\t\t\t<div class=\"elementor-widget-wrap\">\n\t\t\t\t\t\t\t<\/div>\n\t\t<\/div>\n\t\t\t\t\t<\/div>\n\t\t<\/section>\n\t\t\t\t<div class=\"elementor-element elementor-element-1836e718 elementor-widget elementor-widget-vc_custom_heading\" data-id=\"1836e718\" data-element_type=\"widget\" data-e-type=\"widget\" data-widget_type=\"vc_custom_heading.default\">\n\t\t\t\t<div class=\"elementor-widget-container\">\n\t\t\t\t\t<div class=\"vc_custom_heading  masterstudy_heading_font  text_align_center\" ><h4 style=\"font-size: 18px;color: #ffffff;text-align: center;line-height: 30px;font-weight:400\" class=\"masterstudy-custom-title\">Si est\u00e0s interessat en realitzar un curs o saber m\u00e9s sobre CARDIO60, contacta amb nosaltres:\n<\/h4><\/div>\t\t\t\t<\/div>\n\t\t\t\t<\/div>\n\t\t\t\t<div class=\"elementor-element elementor-element-1d160049 elementor-widget elementor-widget-stm_contact_form_7\" data-id=\"1d160049\" data-element_type=\"widget\" data-e-type=\"widget\" data-widget_type=\"stm_contact_form_7.default\">\n\t\t\t\t<div class=\"elementor-widget-container\">\n\t\t\t\t\t\n<div class=\"wpcf7 no-js\" id=\"wpcf7-f403-o1\" lang=\"en-US\" dir=\"ltr\" data-wpcf7-id=\"403\">\n<div class=\"screen-reader-response\"><p role=\"status\" aria-live=\"polite\" aria-atomic=\"true\"><\/p> <ul><\/ul><\/div>\n<form action=\"\/ca\/wp-json\/wp\/v2\/pages\/27223#wpcf7-f403-o1\" method=\"post\" class=\"wpcf7-form init\" aria-label=\"Contact form\" novalidate=\"novalidate\" data-status=\"init\" data-trp-original-action=\"\/ca\/wp-json\/wp\/v2\/pages\/27223#wpcf7-f403-o1\">\n<fieldset class=\"hidden-fields-container\"><input type=\"hidden\" name=\"_wpcf7\" value=\"403\" \/><input type=\"hidden\" name=\"_wpcf7_version\" value=\"6.1.5\" \/><input type=\"hidden\" name=\"_wpcf7_locale\" value=\"en_US\" \/><input type=\"hidden\" name=\"_wpcf7_unit_tag\" value=\"wpcf7-f403-o1\" \/><input type=\"hidden\" name=\"_wpcf7_container_post\" value=\"0\" \/><input type=\"hidden\" name=\"_wpcf7_posted_data_hash\" value=\"\" \/>\n<\/fieldset>\n<div class=\"row\">\n\t<div class=\"col-xs-12 col-sm-6 col-md-6 col-lg-6\">\n\t\t<div class=\"form-group\">\n\t\t\t<p><span class=\"wpcf7-form-control-wrap\" data-name=\"nombre\"><input size=\"40\" maxlength=\"400\" class=\"wpcf7-form-control wpcf7-text wpcf7-validates-as-required form-control\" aria-required=\"true\" aria-invalid=\"false\" placeholder=\"Nom*\" value=\"\" type=\"text\" name=\"nombre\" \/><\/span>\n\t\t\t<\/p>\n\t\t<\/div>\n\t<\/div>\n\t<div class=\"col-xs-12 col-sm-6 col-md-6 col-lg-6\">\n\t\t<div class=\"form-group\">\n\t\t\t<p><span class=\"wpcf7-form-control-wrap\" data-name=\"email\"><input size=\"40\" maxlength=\"400\" class=\"wpcf7-form-control wpcf7-email wpcf7-validates-as-required wpcf7-text wpcf7-validates-as-email form-control\" aria-required=\"true\" aria-invalid=\"false\" placeholder=\"Email*\" value=\"\" type=\"email\" name=\"email\" \/><\/span>\n\t\t\t<\/p>\n\t\t<\/div>\n\t<\/div>\n<\/div>\n<div class=\"row\">\n\t<div class=\"col-xs-12 col-sm-6 col-md-6 col-lg-6\">\n\t\t<div class=\"form-group\">\n\t\t\t<p><span class=\"wpcf7-form-control-wrap\" data-name=\"empresa\"><input size=\"40\" maxlength=\"400\" class=\"wpcf7-form-control wpcf7-text form-control\" aria-invalid=\"false\" placeholder=\"Empresa\" value=\"\" type=\"text\" name=\"empresa\" \/><\/span>\n\t\t\t<\/p>\n\t\t<\/div>\n\t<\/div>\n\t<div class=\"col-xs-12 col-sm-6 col-md-6 col-lg-6\">\n\t\t<div class=\"form-group\">\n\t\t\t<p><span class=\"wpcf7-form-control-wrap\" data-name=\"tel-742\"><input size=\"40\" maxlength=\"400\" class=\"wpcf7-form-control wpcf7-tel wpcf7-validates-as-required wpcf7-text wpcf7-validates-as-tel\" aria-required=\"true\" aria-invalid=\"false\" placeholder=\"Tel\u00e8fon*\" value=\"\" type=\"tel\" name=\"tel-742\" \/><\/span>\n\t\t\t<\/p>\n\t\t<\/div>\n\t<\/div>\n<\/div>\n<div class=\"row\">\n\t<div class=\"col-xs-12 col-sm-12 col-md-12 col-lg-12\">\n\t\t<div class=\"form-group\">\n\t\t\t<p><span class=\"wpcf7-form-control-wrap\" data-name=\"message\"><textarea cols=\"40\" rows=\"9\" maxlength=\"2000\" class=\"wpcf7-form-control wpcf7-textarea wpcf7-validates-as-required form-control\" aria-required=\"true\" aria-invalid=\"false\" placeholder=\"Missatge*\" name=\"message\"><\/textarea><\/span>\n\t\t\t<\/p>\n\t\t<\/div>\n\t<\/div>\n<\/div>\n<div class=\"row\">\n\t<div class=\"col-xs-12 col-sm-12 col-md-12 col-lg-12\">\n\t\t<p><span class=\"wpcf7-form-control-wrap\" data-name=\"acceptance-916\"><span class=\"wpcf7-form-control wpcf7-acceptance\"><span class=\"wpcf7-list-item\"><label><input type=\"checkbox\" name=\"acceptance-916\" value=\"1\" aria-invalid=\"false\" \/><span class=\"wpcf7-list-item-label\">He llegit i accepto la pol\u00edtica de privacitat<\/span><\/label><\/span><\/span><\/span><br \/>\n<input class=\"wpcf7-form-control wpcf7-submit has-spinner btn btn-default\" type=\"submit\" value=\"ENVIAR\" \/>\n\t\t<\/p>\n\t<\/div>\n<\/div><div class=\"wpcf7-response-output\" aria-hidden=\"true\"><\/div>\n<input type=\"hidden\" name=\"trp-form-language\" value=\"ca\"\/><\/form>\n<\/div>\n\t\t\t\t<\/div>\n\t\t\t\t<\/div>\n\t\t\t\t\t<\/div>\n\t\t<\/div>\n\t\t\t\t<div class=\"elementor-column elementor-col-25 elementor-top-column elementor-element elementor-element-559628c7\" data-id=\"559628c7\" data-element_type=\"column\" data-e-type=\"column\">\n\t\t\t<div class=\"elementor-widget-wrap\">\n\t\t\t\t\t\t\t<\/div>\n\t\t<\/div>\n\t\t\t\t\t<\/div>\n\t\t<\/section>\n\t\t\t\t<\/div>","protected":false},"excerpt":{"rendered":"<p>Equipo CARDIO60 es un proyecto que nace de la mano de dos enfermeros, Daniel Arbon\u00e9s y Pablo Dur\u00e1n, que creen en la formaci\u00f3n sanitaria de la sociedad para intervenir ante una parada card\u00edaca antes de que lleguen los servicios de emergencias y, as\u00ed, poder salvar una vida. El equipo docente de CARDIO60 se adapta a [&hellip;]<\/p>\n","protected":false},"author":2,"featured_media":0,"parent":0,"menu_order":0,"comment_status":"closed","ping_status":"closed","template":"","meta":{"inline_featured_image":false,"footnotes":""},"class_list":["post-27223","page","type-page","status-publish","hentry"],"_links":{"self":[{"href":"https:\/\/cardio60.com\/ca\/wp-json\/wp\/v2\/pages\/27223","targetHints":{"allow":["GET"]}}],"collection":[{"href":"https:\/\/cardio60.com\/ca\/wp-json\/wp\/v2\/pages"}],"about":[{"href":"https:\/\/cardio60.com\/ca\/wp-json\/wp\/v2\/types\/page"}],"author":[{"embeddable":true,"href":"https:\/\/cardio60.com\/ca\/wp-json\/wp\/v2\/users\/2"}],"replies":[{"embeddable":true,"href":"https:\/\/cardio60.com\/ca\/wp-json\/wp\/v2\/comments?post=27223"}],"version-history":[{"count":184,"href":"https:\/\/cardio60.com\/ca\/wp-json\/wp\/v2\/pages\/27223\/revisions"}],"predecessor-version":[{"id":27898,"href":"https:\/\/cardio60.com\/ca\/wp-json\/wp\/v2\/pages\/27223\/revisions\/27898"}],"wp:attachment":[{"href":"https:\/\/cardio60.com\/ca\/wp-json\/wp\/v2\/media?parent=27223"}],"curies":[{"name":"wp","href":"https:\/\/api.w.org\/{rel}","templated":true}]}}